{"id":7155,"date":"2025-01-14T15:18:51","date_gmt":"2025-01-14T14:18:51","guid":{"rendered":"https:\/\/happylounge.camp\/catalogue\/"},"modified":"2025-10-07T19:53:20","modified_gmt":"2025-10-07T17:53:20","slug":"catalogue","status":"publish","type":"page","link":"https:\/\/happylounge.camp\/fr\/catalogue\/","title":{"rendered":"Catalogue"},"content":{"rendered":"<p>[et_pb_section fb_built=\u00a0\u00bb1&Prime; custom_padding_last_edited=\u00a0\u00bbon|desktop\u00a0\u00bb module_id=\u00a0\u00bb\u00e9v\u00e9nements\u00a0\u00bb _builder_version=\u00a0\u00bb4.18.0&Prime; background_enable_color=\u00a0\u00bboff\u00a0\u00bb custom_padding=\u00a0\u00bb||||false|false\u00a0\u00bb custom_padding_tablet=\u00a0\u00bb|||10vw|false|false\u00a0\u00bb custom_padding_phone=\u00a0\u00bb|||10vw|false|false\u00a0\u00bb global_colors_info=\u00a0\u00bb{}\u00a0\u00bb][et_pb_row _builder_version=\u00a0\u00bb4.24.0&Prime; _module_preset=\u00a0\u00bbdefault\u00a0\u00bb width=\u00a0\u00bb100%\u00a0\u00bb max_width=\u00a0\u00bb2560px\u00a0\u00bb global_colors_info=\u00a0\u00bb{}\u00a0\u00bb][et_pb_column type=\u00a0\u00bb4_4&Prime; _builder_version=\u00a0\u00bb4.24.0&Prime; _module_preset=\u00a0\u00bbdefault\u00a0\u00bb global_colors_info=\u00a0\u00bb{}\u00a0\u00bb][et_pb_code _builder_version=\u00a0\u00bb4.24.0&Prime; _module_preset=\u00a0\u00bbdefault\u00a0\u00bb global_colors_info=\u00a0\u00bb{}\u00a0\u00bb]<iframe loading=\"lazy\" src=\"https:\/\/publish.flyeralarm.digital\/happylounge-katalog-3\/\" title=\"Catalogue HappyLounge\" width=\"100%\" height=\"600\" style=\"border:none;\" allowfullscreen=\"allowfullscreen\"><\/iframe>[\/et_pb_code][\/et_pb_column][\/et_pb_row][et_pb_row _builder_version=\u00a0\u00bb4.24.0&Prime; _module_preset=\u00a0\u00bbdefault\u00a0\u00bb global_colors_info=\u00a0\u00bb{}\u00a0\u00bb][et_pb_column type=\u00a0\u00bb4_4&Prime; _builder_version=\u00a0\u00bb4.24.0&Prime; _module_preset=\u00a0\u00bbdefault\u00a0\u00bb global_colors_info=\u00a0\u00bb{}\u00a0\u00bb][et_pb_text _builder_version=\u00a0\u00bb4.24.0&Prime; text_font=\u00a0\u00bb||||||||\u00a0\u00bb text_line_height=\u00a0\u00bb2em\u00a0\u00bb text_orientation=\u00a0\u00bbcenter\u00a0\u00bb module_alignment=\u00a0\u00bbleft\u00a0\u00bb custom_margin=\u00a0\u00bb||10px||false|false\u00a0\u00bb custom_margin_tablet=\u00a0\u00bb||||false|false\u00a0\u00bb custom_margin_phone=\u00a0\u00bb||||false|false\u00a0\u00bb custom_margin_last_edited=\u00a0\u00bbon|tablet\u00a0\u00bb custom_padding=\u00a0\u00bb|100px|5px||false|false\u00a0\u00bb custom_padding_tablet=\u00a0\u00bb|5px|||false|false\u00a0\u00bb custom_padding_phone=\u00a0\u00bb|5px|||false|false\u00a0\u00bb custom_padding_last_edited=\u00a0\u00bbon|phone\u00a0\u00bb hover_enabled=\u00a0\u00bb0&Prime; locked=\u00a0\u00bboff\u00a0\u00bb global_colors_info=\u00a0\u00bb{}\u00a0\u00bb sticky_enabled=\u00a0\u00bb0&Prime;]<\/p>\n<p style=\"text-align: center;\"><strong> <a href=\"https:\/\/publish.flyeralarm.digital\/happylounge-katalog-3\" target=\"_blank\" rel=\"noopener\">Cliquez ici si l&rsquo;activation du mode plein \u00e9cran ne fonctionne pas  &gt;&gt;<\/a><br \/><\/strong><\/p>\n<p>[\/et_pb_text][et_pb_text _builder_version=\u00a0\u00bb4.24.0&Prime; text_font=\u00a0\u00bb||||||||\u00a0\u00bb text_line_height=\u00a0\u00bb2em\u00a0\u00bb text_orientation=\u00a0\u00bbcenter\u00a0\u00bb module_alignment=\u00a0\u00bbleft\u00a0\u00bb custom_margin=\u00a0\u00bb||10px||false|false\u00a0\u00bb custom_margin_tablet=\u00a0\u00bb||||false|false\u00a0\u00bb custom_margin_phone=\u00a0\u00bb||||false|false\u00a0\u00bb custom_margin_last_edited=\u00a0\u00bbon|tablet\u00a0\u00bb custom_padding=\u00a0\u00bb|100px|5px||false|false\u00a0\u00bb custom_padding_tablet=\u00a0\u00bb|5px|||false|false\u00a0\u00bb custom_padding_phone=\u00a0\u00bb|5px|||false|false\u00a0\u00bb custom_padding_last_edited=\u00a0\u00bbon|phone\u00a0\u00bb hover_enabled=\u00a0\u00bb0&Prime; locked=\u00a0\u00bboff\u00a0\u00bb global_colors_info=\u00a0\u00bb{}\u00a0\u00bb sticky_enabled=\u00a0\u00bb0&Prime;]<\/p>\n<p style=\"text-align: center;\"><strong><a href=\"https:\/\/happylounge.camp\/wp-content\/uploads\/2025\/08\/HappyLounge_Katalog_08-2025.pdf\" target=\"_blank\" rel=\"noopener\">Catalogue au format PDF : Vous pouvez \u00e9galement t\u00e9l\u00e9charger le catalogue au format PDF en cliquant ici.  &gt;&gt;<\/a><br \/><\/strong><\/p>\n<p>[\/et_pb_text][\/et_pb_column][\/et_pb_row][\/et_pb_section][et_pb_section fb_built=\u00a0\u00bb1&Prime; _builder_version=\u00a0\u00bb4.24.0&Prime; _module_preset=\u00a0\u00bbdefault\u00a0\u00bb global_colors_info=\u00a0\u00bb{}\u00a0\u00bb][et_pb_row _builder_version=\u00a0\u00bb4.24.0&Prime; _module_preset=\u00a0\u00bbdefault\u00a0\u00bb global_colors_info=\u00a0\u00bb{}\u00a0\u00bb][et_pb_column type=\u00a0\u00bb4_4&Prime; _builder_version=\u00a0\u00bb4.24.0&Prime; _module_preset=\u00a0\u00bbdefault\u00a0\u00bb global_colors_info=\u00a0\u00bb{}\u00a0\u00bb][et_pb_text _builder_version=\u00a0\u00bb4.24.0&Prime; text_font=\u00a0\u00bb||||||||\u00a0\u00bb text_line_height=\u00a0\u00bb2em\u00a0\u00bb module_alignment=\u00a0\u00bbleft\u00a0\u00bb custom_margin=\u00a0\u00bb||10px||false|false\u00a0\u00bb custom_margin_tablet=\u00a0\u00bb||||false|false\u00a0\u00bb custom_margin_phone=\u00a0\u00bb||||false|false\u00a0\u00bb custom_margin_last_edited=\u00a0\u00bbon|tablet\u00a0\u00bb custom_padding=\u00a0\u00bb|100px|5px||false|false\u00a0\u00bb custom_padding_tablet=\u00a0\u00bb|5px|||false|false\u00a0\u00bb custom_padding_phone=\u00a0\u00bb|5px|||false|false\u00a0\u00bb custom_padding_last_edited=\u00a0\u00bbon|phone\u00a0\u00bb locked=\u00a0\u00bboff\u00a0\u00bb global_colors_info=\u00a0\u00bb{}\u00a0\u00bb]<\/p>\n<p><strong><a href=\"https:\/\/happylounge.camp\/fr\/medias-et-commentaires-de-presse\/\" target=\"_blank\" rel=\"noopener\">Restez inform\u00e9 et lisez les nouvelles et les articles de presse sur notre invention unique, le HappyLounge | Lien vers la page presse  &gt;&gt;<\/a><br \/><\/strong><\/p>\n<p>Plus de confort et d&rsquo;ambiance dans le camping-car, le fourgon, le van, le v\u00e9hicule de campeur, le camping-car, le motorhome, le transporteur, avec si\u00e8ge pivotant, si\u00e8ge de pilote, si\u00e8ge de v\u00e9hicule, si\u00e8ge de cabine, si\u00e8ge de conducteur, si\u00e8ge de passager avec le lit de cabine brevet\u00e9, premier et unique au monde - canap\u00e9<\/p>\n<p>Aussi connu sous le nom de lit suppl\u00e9mentaire, canap\u00e9, lit de v\u00e9hicule, lit pliant de v\u00e9hicule, lit de cockpit, canap\u00e9-lit relax, banquette de canap\u00e9, lit d&rsquo;enfant, lit de cabine, lit de couchette, lit de cabine, canap\u00e9-lit, canap\u00e9-lit, canap\u00e9-lit, extension de lit, extension de lit de pavillon, extension de lit de pavillon, Cozy Lounge, Cozy Sofa, banquette, banquette couchette, canap\u00e9, Coin de canap\u00e9, lit de repos, chaise longue, lit de repos, lit pliant, lit pliant, matelas pliant, matelas pour camping-car, matelas, extension de lit, coussin de si\u00e8ge, coussin pour camping-car, coussin pour camping-car, canap\u00e9 de campeur, canap\u00e9 de campeur, salon de campeur, canap\u00e9 de caravane, canap\u00e9 de relaxation de caravane, salon de caravane - Travail manuel - Artisanat MADE IN GERMANY !<\/p>\n<p>[\/et_pb_text][\/et_pb_column][\/et_pb_row][\/et_pb_section]<\/p>\n","protected":false},"excerpt":{"rendered":"<p>Le canap\u00e9-lit Cockpit transforme les si\u00e8ges avant en lieu de pr\u00e9dilection pour les vacances et les dinettes\/lits de pavillon en couchettes XXL. L\u00e9ger, compact, facile \u00e0 ranger <\/p>\n","protected":false},"author":1,"featured_media":7156,"parent":0,"menu_order":0,"comment_status":"closed","ping_status":"closed","template":"","meta":{"_et_pb_use_builder":"on","_et_pb_old_content":"","_et_gb_content_width":"","footnotes":""},"class_list":["post-7155","page","type-page","status-publish","has-post-thumbnail","hentry"],"yoast_head":"<!-- This site is optimized with the Yoast SEO plugin v27.0 - https:\/\/yoast.com\/product\/yoast-seo-wordpress\/ -->\n<title>HappyLounge | Catalogue<\/title>\n<meta name=\"description\" content=\"Le canap\u00e9-lit Cockpit transforme les si\u00e8ges avant en lieu de pr\u00e9dilection pour les vacances et les dinettes\/lits de pavillon en couchettes XXL. L\u00e9ger, compact, facile \u00e0 ranger\" \/>\n<meta name=\"robots\" content=\"index, follow, max-snippet:-1, max-image-preview:large, max-video-preview:-1\" \/>\n<link rel=\"canonical\" href=\"https:\/\/happylounge.camp\/fr\/catalogue\/\" \/>\n<meta property=\"og:locale\" content=\"fr_FR\" \/>\n<meta property=\"og:type\" content=\"article\" \/>\n<meta property=\"og:title\" content=\"HappyLounge | Catalogue\" \/>\n<meta property=\"og:description\" content=\"Le canap\u00e9-lit Cockpit transforme les si\u00e8ges avant en lieu de pr\u00e9dilection pour les vacances et les dinettes\/lits de pavillon en couchettes XXL. L\u00e9ger, compact, facile \u00e0 ranger\" \/>\n<meta property=\"og:url\" content=\"https:\/\/happylounge.camp\/fr\/catalogue\/\" \/>\n<meta property=\"og:site_name\" content=\"happylounge.camp\" \/>\n<meta property=\"article:modified_time\" content=\"2025-10-07T17:53:20+00:00\" \/>\n<meta property=\"og:image\" content=\"https:\/\/happylounge.camp\/wp-content\/uploads\/2025\/01\/HappyLounge-Katalog_Vorschaubild_.jpg\" \/>\n\t<meta property=\"og:image:width\" content=\"500\" \/>\n\t<meta property=\"og:image:height\" content=\"433\" \/>\n\t<meta property=\"og:image:type\" content=\"image\/jpeg\" \/>\n<meta name=\"twitter:card\" content=\"summary_large_image\" \/>\n<meta name=\"twitter:label1\" content=\"Dur\u00e9e de lecture estim\u00e9e\" \/>\n\t<meta name=\"twitter:data1\" content=\"3 minutes\" \/>\n<script type=\"application\/ld+json\" class=\"yoast-schema-graph\">{\"@context\":\"https:\/\/schema.org\",\"@graph\":[{\"@type\":\"WebPage\",\"@id\":\"https:\/\/happylounge.camp\/fr\/catalogue\/\",\"url\":\"https:\/\/happylounge.camp\/fr\/catalogue\/\",\"name\":\"HappyLounge | Catalogue\",\"isPartOf\":{\"@id\":\"https:\/\/happylounge.camp\/fr\/#website\"},\"primaryImageOfPage\":{\"@id\":\"https:\/\/happylounge.camp\/fr\/catalogue\/#primaryimage\"},\"image\":{\"@id\":\"https:\/\/happylounge.camp\/fr\/catalogue\/#primaryimage\"},\"thumbnailUrl\":\"https:\/\/happylounge.camp\/wp-content\/uploads\/2025\/01\/HappyLounge-Katalog_Vorschaubild_.jpg\",\"datePublished\":\"2025-01-14T14:18:51+00:00\",\"dateModified\":\"2025-10-07T17:53:20+00:00\",\"description\":\"Le canap\u00e9-lit Cockpit transforme les si\u00e8ges avant en lieu de pr\u00e9dilection pour les vacances et les dinettes\/lits de pavillon en couchettes XXL. L\u00e9ger, compact, facile \u00e0 ranger\",\"breadcrumb\":{\"@id\":\"https:\/\/happylounge.camp\/fr\/catalogue\/#breadcrumb\"},\"inLanguage\":\"fr-FR\",\"potentialAction\":[{\"@type\":\"ReadAction\",\"target\":[\"https:\/\/happylounge.camp\/fr\/catalogue\/\"]}]},{\"@type\":\"ImageObject\",\"inLanguage\":\"fr-FR\",\"@id\":\"https:\/\/happylounge.camp\/fr\/catalogue\/#primaryimage\",\"url\":\"https:\/\/happylounge.camp\/wp-content\/uploads\/2025\/01\/HappyLounge-Katalog_Vorschaubild_.jpg\",\"contentUrl\":\"https:\/\/happylounge.camp\/wp-content\/uploads\/2025\/01\/HappyLounge-Katalog_Vorschaubild_.jpg\",\"width\":500,\"height\":433,\"caption\":\"HappyLounge-Catalogue_Aper\u00e7u_de_l'image\"},{\"@type\":\"BreadcrumbList\",\"@id\":\"https:\/\/happylounge.camp\/fr\/catalogue\/#breadcrumb\",\"itemListElement\":[{\"@type\":\"ListItem\",\"position\":1,\"name\":\"Startseite\",\"item\":\"https:\/\/happylounge.camp\/fr\/home\/\"},{\"@type\":\"ListItem\",\"position\":2,\"name\":\"Catalogue\"}]},{\"@type\":\"WebSite\",\"@id\":\"https:\/\/happylounge.camp\/fr\/#website\",\"url\":\"https:\/\/happylounge.camp\/fr\/\",\"name\":\"happylounge.camp\",\"description\":\"HappyLounge | Das Cockpit Sofabett - Mehr Komfort und Ambiente im Wohnmobil || Mobil, leicht und kompakt sowie einfach zu verstauen\",\"publisher\":{\"@id\":\"https:\/\/happylounge.camp\/fr\/#organization\"},\"potentialAction\":[{\"@type\":\"SearchAction\",\"target\":{\"@type\":\"EntryPoint\",\"urlTemplate\":\"https:\/\/happylounge.camp\/fr\/?s={search_term_string}\"},\"query-input\":{\"@type\":\"PropertyValueSpecification\",\"valueRequired\":true,\"valueName\":\"search_term_string\"}}],\"inLanguage\":\"fr-FR\"},{\"@type\":\"Organization\",\"@id\":\"https:\/\/happylounge.camp\/fr\/#organization\",\"name\":\"HappyLounge Polstermanufaktur R\u00fchle\",\"url\":\"https:\/\/happylounge.camp\/fr\/\",\"logo\":{\"@type\":\"ImageObject\",\"inLanguage\":\"fr-FR\",\"@id\":\"https:\/\/happylounge.camp\/fr\/#\/schema\/logo\/image\/\",\"url\":\"https:\/\/happylounge.camp\/wp-content\/uploads\/2022\/08\/HappyLounge-Logo-transparent_AR.png\",\"contentUrl\":\"https:\/\/happylounge.camp\/wp-content\/uploads\/2022\/08\/HappyLounge-Logo-transparent_AR.png\",\"width\":3188,\"height\":1914,\"caption\":\"HappyLounge Polstermanufaktur R\u00fchle\"},\"image\":{\"@id\":\"https:\/\/happylounge.camp\/fr\/#\/schema\/logo\/image\/\"}}]}<\/script>\n<!-- \/ Yoast SEO plugin. -->","yoast_head_json":{"title":"HappyLounge | Catalogue","description":"Le canap\u00e9-lit Cockpit transforme les si\u00e8ges avant en lieu de pr\u00e9dilection pour les vacances et les dinettes\/lits de pavillon en couchettes XXL. L\u00e9ger, compact, facile \u00e0 ranger","robots":{"index":"index","follow":"follow","max-snippet":"max-snippet:-1","max-image-preview":"max-image-preview:large","max-video-preview":"max-video-preview:-1"},"canonical":"https:\/\/happylounge.camp\/fr\/catalogue\/","og_locale":"fr_FR","og_type":"article","og_title":"HappyLounge | Catalogue","og_description":"Le canap\u00e9-lit Cockpit transforme les si\u00e8ges avant en lieu de pr\u00e9dilection pour les vacances et les dinettes\/lits de pavillon en couchettes XXL. L\u00e9ger, compact, facile \u00e0 ranger","og_url":"https:\/\/happylounge.camp\/fr\/catalogue\/","og_site_name":"happylounge.camp","article_modified_time":"2025-10-07T17:53:20+00:00","og_image":[{"width":500,"height":433,"url":"https:\/\/happylounge.camp\/wp-content\/uploads\/2025\/01\/HappyLounge-Katalog_Vorschaubild_.jpg","type":"image\/jpeg"}],"twitter_card":"summary_large_image","twitter_misc":{"Dur\u00e9e de lecture estim\u00e9e":"3 minutes"},"schema":{"@context":"https:\/\/schema.org","@graph":[{"@type":"WebPage","@id":"https:\/\/happylounge.camp\/fr\/catalogue\/","url":"https:\/\/happylounge.camp\/fr\/catalogue\/","name":"HappyLounge | Catalogue","isPartOf":{"@id":"https:\/\/happylounge.camp\/fr\/#website"},"primaryImageOfPage":{"@id":"https:\/\/happylounge.camp\/fr\/catalogue\/#primaryimage"},"image":{"@id":"https:\/\/happylounge.camp\/fr\/catalogue\/#primaryimage"},"thumbnailUrl":"https:\/\/happylounge.camp\/wp-content\/uploads\/2025\/01\/HappyLounge-Katalog_Vorschaubild_.jpg","datePublished":"2025-01-14T14:18:51+00:00","dateModified":"2025-10-07T17:53:20+00:00","description":"Le canap\u00e9-lit Cockpit transforme les si\u00e8ges avant en lieu de pr\u00e9dilection pour les vacances et les dinettes\/lits de pavillon en couchettes XXL. L\u00e9ger, compact, facile \u00e0 ranger","breadcrumb":{"@id":"https:\/\/happylounge.camp\/fr\/catalogue\/#breadcrumb"},"inLanguage":"fr-FR","potentialAction":[{"@type":"ReadAction","target":["https:\/\/happylounge.camp\/fr\/catalogue\/"]}]},{"@type":"ImageObject","inLanguage":"fr-FR","@id":"https:\/\/happylounge.camp\/fr\/catalogue\/#primaryimage","url":"https:\/\/happylounge.camp\/wp-content\/uploads\/2025\/01\/HappyLounge-Katalog_Vorschaubild_.jpg","contentUrl":"https:\/\/happylounge.camp\/wp-content\/uploads\/2025\/01\/HappyLounge-Katalog_Vorschaubild_.jpg","width":500,"height":433,"caption":"HappyLounge-Catalogue_Aper\u00e7u_de_l'image"},{"@type":"BreadcrumbList","@id":"https:\/\/happylounge.camp\/fr\/catalogue\/#breadcrumb","itemListElement":[{"@type":"ListItem","position":1,"name":"Startseite","item":"https:\/\/happylounge.camp\/fr\/home\/"},{"@type":"ListItem","position":2,"name":"Catalogue"}]},{"@type":"WebSite","@id":"https:\/\/happylounge.camp\/fr\/#website","url":"https:\/\/happylounge.camp\/fr\/","name":"happylounge.camp","description":"HappyLounge | Das Cockpit Sofabett - Mehr Komfort und Ambiente im Wohnmobil || Mobil, leicht und kompakt sowie einfach zu verstauen","publisher":{"@id":"https:\/\/happylounge.camp\/fr\/#organization"},"potentialAction":[{"@type":"SearchAction","target":{"@type":"EntryPoint","urlTemplate":"https:\/\/happylounge.camp\/fr\/?s={search_term_string}"},"query-input":{"@type":"PropertyValueSpecification","valueRequired":true,"valueName":"search_term_string"}}],"inLanguage":"fr-FR"},{"@type":"Organization","@id":"https:\/\/happylounge.camp\/fr\/#organization","name":"HappyLounge Polstermanufaktur R\u00fchle","url":"https:\/\/happylounge.camp\/fr\/","logo":{"@type":"ImageObject","inLanguage":"fr-FR","@id":"https:\/\/happylounge.camp\/fr\/#\/schema\/logo\/image\/","url":"https:\/\/happylounge.camp\/wp-content\/uploads\/2022\/08\/HappyLounge-Logo-transparent_AR.png","contentUrl":"https:\/\/happylounge.camp\/wp-content\/uploads\/2022\/08\/HappyLounge-Logo-transparent_AR.png","width":3188,"height":1914,"caption":"HappyLounge Polstermanufaktur R\u00fchle"},"image":{"@id":"https:\/\/happylounge.camp\/fr\/#\/schema\/logo\/image\/"}}]}},"_links":{"self":[{"href":"https:\/\/happylounge.camp\/fr\/wp-json\/wp\/v2\/pages\/7155","targetHints":{"allow":["GET"]}}],"collection":[{"href":"https:\/\/happylounge.camp\/fr\/wp-json\/wp\/v2\/pages"}],"about":[{"href":"https:\/\/happylounge.camp\/fr\/wp-json\/wp\/v2\/types\/page"}],"author":[{"embeddable":true,"href":"https:\/\/happylounge.camp\/fr\/wp-json\/wp\/v2\/users\/1"}],"replies":[{"embeddable":true,"href":"https:\/\/happylounge.camp\/fr\/wp-json\/wp\/v2\/comments?post=7155"}],"version-history":[{"count":0,"href":"https:\/\/happylounge.camp\/fr\/wp-json\/wp\/v2\/pages\/7155\/revisions"}],"wp:featuredmedia":[{"embeddable":true,"href":"https:\/\/happylounge.camp\/fr\/wp-json\/wp\/v2\/media\/7156"}],"wp:attachment":[{"href":"https:\/\/happylounge.camp\/fr\/wp-json\/wp\/v2\/media?parent=7155"}],"curies":[{"name":"wp","href":"https:\/\/api.w.org\/{rel}","templated":true}]}}