{"id":12131,"date":"2026-01-01T10:21:30","date_gmt":"2026-01-01T09:21:30","guid":{"rendered":"https:\/\/happylounge.camp\/?page_id=12131"},"modified":"2026-04-01T18:10:53","modified_gmt":"2026-04-01T16:10:53","slug":"galerie-dimages-2","status":"publish","type":"page","link":"https:\/\/happylounge.camp\/fr\/galerie-dimages-2\/","title":{"rendered":"Avertissement sur les fake shops"},"content":{"rendered":"<p>[et_pb_section fb_built=\u00a0\u00bb1&Prime; _builder_version=\u00a0\u00bb4.24.0&Prime; _module_preset=\u00a0\u00bbdefault\u00a0\u00bb global_colors_info=\u00a0\u00bb{}\u00a0\u00bb][et_pb_row _builder_version=\u00a0\u00bb4.24.0&Prime; _module_preset=\u00a0\u00bbdefault\u00a0\u00bb custom_margin=\u00a0\u00bb||||false|false\u00a0\u00bb custom_margin_tablet=\u00a0\u00bb||||false|false\u00a0\u00bb custom_margin_phone=\u00a0\u00bb-50px||||false|false\u00a0\u00bb custom_margin_last_edited=\u00a0\u00bbon|phone\u00a0\u00bb global_colors_info=\u00a0\u00bb{}\u00a0\u00bb][et_pb_column type=\u00a0\u00bb4_4&Prime; _builder_version=\u00a0\u00bb4.24.0&Prime; _module_preset=\u00a0\u00bbdefault\u00a0\u00bb global_colors_info=\u00a0\u00bb{}\u00a0\u00bb][et_pb_text _builder_version=\u00a0\u00bb4.27.5&Prime; _module_preset=\u00a0\u00bbdefault\u00a0\u00bb global_colors_info=\u00a0\u00bb{}\u00a0\u00bb]<\/p>\n<h1>Nous vous mettons en garde contre les fake shops<\/h1>\n<p>[\/et_pb_text][\/et_pb_column][\/et_pb_row][et_pb_row _builder_version=\u00a0\u00bb4.24.0&Prime; _module_preset=\u00a0\u00bbdefault\u00a0\u00bb custom_margin=\u00a0\u00bb-50px||||false|false\u00a0\u00bb global_colors_info=\u00a0\u00bb{}\u00a0\u00bb][et_pb_column type=\u00a0\u00bb4_4&Prime; _builder_version=\u00a0\u00bb4.24.0&Prime; _module_preset=\u00a0\u00bbdefault\u00a0\u00bb global_colors_info=\u00a0\u00bb{}\u00a0\u00bb][et_pb_text _builder_version=\u00a0\u00bb4.27.5&Prime; _module_preset=\u00a0\u00bbdefault\u00a0\u00bb text_font=\u00a0\u00bbHappy Lounge||||||||\u00a0\u00bb text_text_color=\u00a0\u00bbgcid-cab75eeb-aa4c-4a1b-a856-22af04406fdf\u00a0\u00bb header_line_height=\u00a0\u00bb1.8em\u00a0\u00bb header_2_font=\u00a0\u00bbHappy Lounge||||||||\u00a0\u00bb header_2_text_align=\u00a0\u00bbleft\u00a0\u00bb header_2_text_color=\u00a0\u00bb#2FB9DF\u00a0\u00bb header_2_line_height=\u00a0\u00bb1.8em\u00a0\u00bb animation_direction=\u00a0\u00bbbottom\u00a0\u00bb global_colors_info=\u00a0\u00bb{%22gcid-cab75eeb-aa4c-4a1b-a856-22af04406fdf%22:%91%22text_text_color%22%93}\u00a0\u00bb]<\/p>\n<h2><span style=\"font-family: Happy Lounge; font-weight: normal; font-size: 50px;\">Chers clients HappyLounge<\/span><\/h2>\n<p>[\/et_pb_text][\/et_pb_column][\/et_pb_row][et_pb_row _builder_version=\u00a0\u00bb4.24.0&Prime; _module_preset=\u00a0\u00bbdefault\u00a0\u00bb custom_margin=\u00a0\u00bb-100px||||false|false\u00a0\u00bb global_colors_info=\u00a0\u00bb{}\u00a0\u00bb][et_pb_column type=\u00a0\u00bb4_4&Prime; _builder_version=\u00a0\u00bb4.24.0&Prime; _module_preset=\u00a0\u00bbdefault\u00a0\u00bb global_colors_info=\u00a0\u00bb{}\u00a0\u00bb][et_pb_text _builder_version=\u00a0\u00bb4.27.5&Prime; _module_preset=\u00a0\u00bbdefault\u00a0\u00bb global_colors_info=\u00a0\u00bb{}\u00a0\u00bb]<\/p>\n<p><strong>LE HAPPYLOUNGE ORIGINAL BREVET\u00c9 EST NOTRE INVENTION ET LE PREMIER LIT SOFABET AU MONDE DANS UNE MAISON DE CHARTE.<br \/><\/strong>Celui-ci est disponible exclusivement chez nous ou chez nos revendeurs officiels locaux.<br \/><img loading=\"lazy\" decoding=\"async\" class=\"size-full wp-image-11574 aligncenter\" src=\"https:\/\/happylounge.camp\/wp-content\/uploads\/2026\/03\/HappyLounge_das_Cockpit_Sofabett_DAS_ORIGINAL_von_den_Erfindern_bewaehrt_seit_2022_compr_.png\" alt=\"HappyLounge_L'ORIGINAL_par_les_inventeurs_surveill\u00e9_depuis_2022_compr_.\" width=\"277\" height=\"275\" srcset=\"https:\/\/happylounge.camp\/wp-content\/uploads\/2026\/03\/HappyLounge_das_Cockpit_Sofabett_DAS_ORIGINAL_von_den_Erfindern_bewaehrt_seit_2022_compr_.png 277w, https:\/\/happylounge.camp\/wp-content\/uploads\/2026\/03\/HappyLounge_das_Cockpit_Sofabett_DAS_ORIGINAL_von_den_Erfindern_bewaehrt_seit_2022_compr_-150x150.png 150w, https:\/\/happylounge.camp\/wp-content\/uploads\/2026\/03\/HappyLounge_das_Cockpit_Sofabett_DAS_ORIGINAL_von_den_Erfindern_bewaehrt_seit_2022_compr_-100x100.png 100w\" sizes=\"(max-width: 277px) 100vw, 277px\" \/><br \/>Vous trouverez une liste de nos revendeurs sur notre site Internet ici.<br \/>Il n&rsquo;y a d\u00e9lib\u00e9r\u00e9ment <strong>pas de possibilit\u00e9 de commande en ligne<\/strong>, car nous misons sur le <strong>conseil personnel <\/strong>et vous pouvez ainsi vous asseoir sur place pour essayer le HappyLounge et vous enthousiasmer pour celui-ci.<\/p>\n<p>&nbsp;<\/p>\n<p><strong>Malheureusement, des sites de vente en ligne frauduleux (FAKESHOPS) sont cr\u00e9\u00e9s avec nos produits.<\/strong><br \/>Le design brevet\u00e9 et la marque de notre invention ont \u00e9t\u00e9 copi\u00e9s sans autorisation et les textes, images, informations sur les produits ainsi que les coordonn\u00e9es de l&rsquo;un de nos distributeurs sont utilis\u00e9s de mani\u00e8re abusive. Nous ne sommes pas l&rsquo;exploitant de ces fausses boutiques et n&rsquo;avons aucun lien avec les offres. Nous avons donc d\u00e9j\u00e0 port\u00e9 plainte.<br \/>Exemples de boutiques fictives : &lsquo;HurtByDreams&rsquo; et &lsquo;FashionProduct&rsquo; etc. \/\/ <strong>Mise \u00e0 jour 1.4.26<\/strong>: &lsquo;RosesShop.it&rsquo; ; &lsquo;Ozuozas.it&rsquo; ; &lsquo;Lighthouse-Living.it&rsquo; ; &lsquo;agebob.pmformat.shop&rsquo; ; &lsquo;aarkogranito.com\/products\/5829929\/&rsquo; ; &lsquo;Hello Shop pmtree.okexpand.sbs&rsquo; etc.  <\/p>\n<p><strong><\/strong><\/p>\n<p>NOUS RECOMMANDONS EN PRINCIPE<br \/><strong>V\u00c9RIFIEZ TOUJOURS TR\u00c8S CRITIQUEMENT LES OFFRES SUR INTERNET<\/strong><br \/>Nous d\u00e9clinons toute responsabilit\u00e9 pour les dommages caus\u00e9s par l&rsquo;utilisation de boutiques ou d&rsquo;offres contrefaites. Vous trouverez de l&rsquo;aide et des informations sur l&rsquo;identification des fausses boutiques aupr\u00e8s de l&rsquo;association de consommateurs <a href=\"https:\/\/www.verbraucherzentrale.de\/wissen\/digitale-welt\/onlinehandel\/abzocke-online-wie-erkenne-ich-fakeshops-im-internet-13166\" target=\"_blank\" rel=\"noopener\">www.verbraucherzentrale.de<\/a> <\/p>\n<p><strong><\/strong><\/p>\n<p><strong>SOUTIENNEZ VOUS AUSSI LA PROPOSITION DE LUTTER CONTRE LES FAKESHOPS<\/strong><br \/>et signalez-les directement \u00e0 l&rsquo;association de consommateurs <a href=\"https:\/\/www.vzhh.de\/fake-shop-melden\" target=\"_blank\" rel=\"noopener\">: https:\/\/www.vzhh.de\/fake-shop-melden<\/a><\/p>\n<p>Nous vous remercions de votre aide et de votre confiance dans notre HappyLounge original !<br \/>Votre<br \/><em>Andrea R\u00fchle<\/em><\/p>\n<p>[\/et_pb_text][\/et_pb_column][\/et_pb_row][\/et_pb_section]<\/p>\n","protected":false},"excerpt":{"rendered":"<p>Le premier canap\u00e9-lit au monde pour la cabine de conduite transforme les si\u00e8ges avant en lieu de pr\u00e9dilection pour les vacances et les lits de d\u00eenette\/de pavillon en couchettes XXL. L\u00e9ger, compact, facile \u00e0 ranger<\/p>\n","protected":false},"author":1,"featured_media":12148,"parent":0,"menu_order":0,"comment_status":"closed","ping_status":"closed","template":"","meta":{"_et_pb_use_builder":"on","_et_pb_old_content":"","_et_gb_content_width":"","footnotes":""},"class_list":["post-12131","page","type-page","status-publish","has-post-thumbnail","hentry"],"yoast_head":"<!-- This site is optimized with the Yoast SEO plugin v27.0 - https:\/\/yoast.com\/product\/yoast-seo-wordpress\/ -->\n<title>Nous vous mettons en garde contre les fake shops<\/title>\n<meta name=\"description\" content=\"Le HappyLounge original brevet\u00e9 est notre invention et le premier canap\u00e9-lit en cabine au monde. Il n&#039;est disponible que chez nos revendeurs et chez nous.\" \/>\n<meta name=\"robots\" content=\"index, follow, max-snippet:-1, max-image-preview:large, max-video-preview:-1\" \/>\n<link rel=\"canonical\" href=\"https:\/\/happylounge.camp\/fr\/galerie-dimages-2\/\" \/>\n<meta property=\"og:locale\" content=\"fr_FR\" \/>\n<meta property=\"og:type\" content=\"article\" \/>\n<meta property=\"og:title\" content=\"Nous vous mettons en garde contre les fake shops\" \/>\n<meta property=\"og:description\" content=\"Le HappyLounge original brevet\u00e9 est notre invention et le premier canap\u00e9-lit en cabine au monde. Il n&#039;est disponible que chez nos revendeurs et chez nous.\" \/>\n<meta property=\"og:url\" content=\"https:\/\/happylounge.camp\/fr\/galerie-dimages-2\/\" \/>\n<meta property=\"og:site_name\" content=\"happylounge.camp\" \/>\n<meta property=\"article:modified_time\" content=\"2026-04-01T16:10:53+00:00\" \/>\n<meta property=\"og:image\" content=\"https:\/\/happylounge.camp\/wp-content\/uploads\/2026\/03\/HappyLounge_das_Cockpit_Sofabett_DAS_ORIGINAL_von_den_Erfindern_bewaehrt_seit_2022_compr_.png\" \/>\n\t<meta property=\"og:image:width\" content=\"277\" \/>\n\t<meta property=\"og:image:height\" content=\"275\" \/>\n\t<meta property=\"og:image:type\" content=\"image\/png\" \/>\n<meta name=\"twitter:card\" content=\"summary_large_image\" \/>\n<meta name=\"twitter:label1\" content=\"Dur\u00e9e de lecture estim\u00e9e\" \/>\n\t<meta name=\"twitter:data1\" content=\"3 minutes\" \/>\n<script type=\"application\/ld+json\" class=\"yoast-schema-graph\">{\"@context\":\"https:\/\/schema.org\",\"@graph\":[{\"@type\":\"WebPage\",\"@id\":\"https:\/\/happylounge.camp\/fr\/galerie-dimages-2\/\",\"url\":\"https:\/\/happylounge.camp\/fr\/galerie-dimages-2\/\",\"name\":\"Nous vous mettons en garde contre les fake shops\",\"isPartOf\":{\"@id\":\"https:\/\/happylounge.camp\/fr\/#website\"},\"primaryImageOfPage\":{\"@id\":\"https:\/\/happylounge.camp\/fr\/galerie-dimages-2\/#primaryimage\"},\"image\":{\"@id\":\"https:\/\/happylounge.camp\/fr\/galerie-dimages-2\/#primaryimage\"},\"thumbnailUrl\":\"https:\/\/happylounge.camp\/wp-content\/uploads\/2026\/03\/HappyLounge_das_Cockpit_Sofabett_DAS_ORIGINAL_von_den_Erfindern_bewaehrt_seit_2022_compr_.png\",\"datePublished\":\"2026-01-01T09:21:30+00:00\",\"dateModified\":\"2026-04-01T16:10:53+00:00\",\"description\":\"Le HappyLounge original brevet\u00e9 est notre invention et le premier canap\u00e9-lit en cabine au monde. Il n'est disponible que chez nos revendeurs et chez nous.\",\"breadcrumb\":{\"@id\":\"https:\/\/happylounge.camp\/fr\/galerie-dimages-2\/#breadcrumb\"},\"inLanguage\":\"fr-FR\",\"potentialAction\":[{\"@type\":\"ReadAction\",\"target\":[\"https:\/\/happylounge.camp\/fr\/galerie-dimages-2\/\"]}]},{\"@type\":\"ImageObject\",\"inLanguage\":\"fr-FR\",\"@id\":\"https:\/\/happylounge.camp\/fr\/galerie-dimages-2\/#primaryimage\",\"url\":\"https:\/\/happylounge.camp\/wp-content\/uploads\/2026\/03\/HappyLounge_das_Cockpit_Sofabett_DAS_ORIGINAL_von_den_Erfindern_bewaehrt_seit_2022_compr_.png\",\"contentUrl\":\"https:\/\/happylounge.camp\/wp-content\/uploads\/2026\/03\/HappyLounge_das_Cockpit_Sofabett_DAS_ORIGINAL_von_den_Erfindern_bewaehrt_seit_2022_compr_.png\",\"width\":277,\"height\":275,\"caption\":\"HappyLounge_L'ORIGINAL_par_les_inventeurs_surveill\u00e9_depuis_2022_compr_.\"},{\"@type\":\"BreadcrumbList\",\"@id\":\"https:\/\/happylounge.camp\/fr\/galerie-dimages-2\/#breadcrumb\",\"itemListElement\":[{\"@type\":\"ListItem\",\"position\":1,\"name\":\"Startseite\",\"item\":\"https:\/\/happylounge.camp\/fr\/home\/\"},{\"@type\":\"ListItem\",\"position\":2,\"name\":\"Avertissement sur les fake shops\"}]},{\"@type\":\"WebSite\",\"@id\":\"https:\/\/happylounge.camp\/fr\/#website\",\"url\":\"https:\/\/happylounge.camp\/fr\/\",\"name\":\"happylounge.camp\",\"description\":\"HappyLounge | Das Cockpit Sofabett - Mehr Komfort und Ambiente im Wohnmobil || Mobil, leicht und kompakt sowie einfach zu verstauen\",\"publisher\":{\"@id\":\"https:\/\/happylounge.camp\/fr\/#organization\"},\"potentialAction\":[{\"@type\":\"SearchAction\",\"target\":{\"@type\":\"EntryPoint\",\"urlTemplate\":\"https:\/\/happylounge.camp\/fr\/?s={search_term_string}\"},\"query-input\":{\"@type\":\"PropertyValueSpecification\",\"valueRequired\":true,\"valueName\":\"search_term_string\"}}],\"inLanguage\":\"fr-FR\"},{\"@type\":\"Organization\",\"@id\":\"https:\/\/happylounge.camp\/fr\/#organization\",\"name\":\"HappyLounge Polstermanufaktur R\u00fchle\",\"url\":\"https:\/\/happylounge.camp\/fr\/\",\"logo\":{\"@type\":\"ImageObject\",\"inLanguage\":\"fr-FR\",\"@id\":\"https:\/\/happylounge.camp\/fr\/#\/schema\/logo\/image\/\",\"url\":\"https:\/\/happylounge.camp\/wp-content\/uploads\/2022\/08\/HappyLounge-Logo-transparent_AR.png\",\"contentUrl\":\"https:\/\/happylounge.camp\/wp-content\/uploads\/2022\/08\/HappyLounge-Logo-transparent_AR.png\",\"width\":3188,\"height\":1914,\"caption\":\"HappyLounge Polstermanufaktur R\u00fchle\"},\"image\":{\"@id\":\"https:\/\/happylounge.camp\/fr\/#\/schema\/logo\/image\/\"}}]}<\/script>\n<!-- \/ Yoast SEO plugin. -->","yoast_head_json":{"title":"Nous vous mettons en garde contre les fake shops","description":"Le HappyLounge original brevet\u00e9 est notre invention et le premier canap\u00e9-lit en cabine au monde. Il n'est disponible que chez nos revendeurs et chez nous.","robots":{"index":"index","follow":"follow","max-snippet":"max-snippet:-1","max-image-preview":"max-image-preview:large","max-video-preview":"max-video-preview:-1"},"canonical":"https:\/\/happylounge.camp\/fr\/galerie-dimages-2\/","og_locale":"fr_FR","og_type":"article","og_title":"Nous vous mettons en garde contre les fake shops","og_description":"Le HappyLounge original brevet\u00e9 est notre invention et le premier canap\u00e9-lit en cabine au monde. Il n'est disponible que chez nos revendeurs et chez nous.","og_url":"https:\/\/happylounge.camp\/fr\/galerie-dimages-2\/","og_site_name":"happylounge.camp","article_modified_time":"2026-04-01T16:10:53+00:00","og_image":[{"width":277,"height":275,"url":"https:\/\/happylounge.camp\/wp-content\/uploads\/2026\/03\/HappyLounge_das_Cockpit_Sofabett_DAS_ORIGINAL_von_den_Erfindern_bewaehrt_seit_2022_compr_.png","type":"image\/png"}],"twitter_card":"summary_large_image","twitter_misc":{"Dur\u00e9e de lecture estim\u00e9e":"3 minutes"},"schema":{"@context":"https:\/\/schema.org","@graph":[{"@type":"WebPage","@id":"https:\/\/happylounge.camp\/fr\/galerie-dimages-2\/","url":"https:\/\/happylounge.camp\/fr\/galerie-dimages-2\/","name":"Nous vous mettons en garde contre les fake shops","isPartOf":{"@id":"https:\/\/happylounge.camp\/fr\/#website"},"primaryImageOfPage":{"@id":"https:\/\/happylounge.camp\/fr\/galerie-dimages-2\/#primaryimage"},"image":{"@id":"https:\/\/happylounge.camp\/fr\/galerie-dimages-2\/#primaryimage"},"thumbnailUrl":"https:\/\/happylounge.camp\/wp-content\/uploads\/2026\/03\/HappyLounge_das_Cockpit_Sofabett_DAS_ORIGINAL_von_den_Erfindern_bewaehrt_seit_2022_compr_.png","datePublished":"2026-01-01T09:21:30+00:00","dateModified":"2026-04-01T16:10:53+00:00","description":"Le HappyLounge original brevet\u00e9 est notre invention et le premier canap\u00e9-lit en cabine au monde. Il n'est disponible que chez nos revendeurs et chez nous.","breadcrumb":{"@id":"https:\/\/happylounge.camp\/fr\/galerie-dimages-2\/#breadcrumb"},"inLanguage":"fr-FR","potentialAction":[{"@type":"ReadAction","target":["https:\/\/happylounge.camp\/fr\/galerie-dimages-2\/"]}]},{"@type":"ImageObject","inLanguage":"fr-FR","@id":"https:\/\/happylounge.camp\/fr\/galerie-dimages-2\/#primaryimage","url":"https:\/\/happylounge.camp\/wp-content\/uploads\/2026\/03\/HappyLounge_das_Cockpit_Sofabett_DAS_ORIGINAL_von_den_Erfindern_bewaehrt_seit_2022_compr_.png","contentUrl":"https:\/\/happylounge.camp\/wp-content\/uploads\/2026\/03\/HappyLounge_das_Cockpit_Sofabett_DAS_ORIGINAL_von_den_Erfindern_bewaehrt_seit_2022_compr_.png","width":277,"height":275,"caption":"HappyLounge_L'ORIGINAL_par_les_inventeurs_surveill\u00e9_depuis_2022_compr_."},{"@type":"BreadcrumbList","@id":"https:\/\/happylounge.camp\/fr\/galerie-dimages-2\/#breadcrumb","itemListElement":[{"@type":"ListItem","position":1,"name":"Startseite","item":"https:\/\/happylounge.camp\/fr\/home\/"},{"@type":"ListItem","position":2,"name":"Avertissement sur les fake shops"}]},{"@type":"WebSite","@id":"https:\/\/happylounge.camp\/fr\/#website","url":"https:\/\/happylounge.camp\/fr\/","name":"happylounge.camp","description":"HappyLounge | Das Cockpit Sofabett - Mehr Komfort und Ambiente im Wohnmobil || Mobil, leicht und kompakt sowie einfach zu verstauen","publisher":{"@id":"https:\/\/happylounge.camp\/fr\/#organization"},"potentialAction":[{"@type":"SearchAction","target":{"@type":"EntryPoint","urlTemplate":"https:\/\/happylounge.camp\/fr\/?s={search_term_string}"},"query-input":{"@type":"PropertyValueSpecification","valueRequired":true,"valueName":"search_term_string"}}],"inLanguage":"fr-FR"},{"@type":"Organization","@id":"https:\/\/happylounge.camp\/fr\/#organization","name":"HappyLounge Polstermanufaktur R\u00fchle","url":"https:\/\/happylounge.camp\/fr\/","logo":{"@type":"ImageObject","inLanguage":"fr-FR","@id":"https:\/\/happylounge.camp\/fr\/#\/schema\/logo\/image\/","url":"https:\/\/happylounge.camp\/wp-content\/uploads\/2022\/08\/HappyLounge-Logo-transparent_AR.png","contentUrl":"https:\/\/happylounge.camp\/wp-content\/uploads\/2022\/08\/HappyLounge-Logo-transparent_AR.png","width":3188,"height":1914,"caption":"HappyLounge Polstermanufaktur R\u00fchle"},"image":{"@id":"https:\/\/happylounge.camp\/fr\/#\/schema\/logo\/image\/"}}]}},"_links":{"self":[{"href":"https:\/\/happylounge.camp\/fr\/wp-json\/wp\/v2\/pages\/12131","targetHints":{"allow":["GET"]}}],"collection":[{"href":"https:\/\/happylounge.camp\/fr\/wp-json\/wp\/v2\/pages"}],"about":[{"href":"https:\/\/happylounge.camp\/fr\/wp-json\/wp\/v2\/types\/page"}],"author":[{"embeddable":true,"href":"https:\/\/happylounge.camp\/fr\/wp-json\/wp\/v2\/users\/1"}],"replies":[{"embeddable":true,"href":"https:\/\/happylounge.camp\/fr\/wp-json\/wp\/v2\/comments?post=12131"}],"version-history":[{"count":10,"href":"https:\/\/happylounge.camp\/fr\/wp-json\/wp\/v2\/pages\/12131\/revisions"}],"predecessor-version":[{"id":12353,"href":"https:\/\/happylounge.camp\/fr\/wp-json\/wp\/v2\/pages\/12131\/revisions\/12353"}],"wp:featuredmedia":[{"embeddable":true,"href":"https:\/\/happylounge.camp\/fr\/wp-json\/wp\/v2\/media\/12148"}],"wp:attachment":[{"href":"https:\/\/happylounge.camp\/fr\/wp-json\/wp\/v2\/media?parent=12131"}],"curies":[{"name":"wp","href":"https:\/\/api.w.org\/{rel}","templated":true}]}}