{"id":8308,"date":"2025-09-18T14:06:55","date_gmt":"2025-09-18T12:06:55","guid":{"rendered":"https:\/\/happylounge.camp\/produkt\/opbevaringstaske-xl-til-original-happylounge-praktisk-tilbehoer\/"},"modified":"2025-09-18T14:06:55","modified_gmt":"2025-09-18T12:06:55","slug":"opbevaringstaske-xl-til-original-happylounge-praktisk-tilbehoer","status":"publish","type":"product","link":"https:\/\/happylounge.camp\/da\/produkt\/opbevaringstaske-xl-til-original-happylounge-praktisk-tilbehoer\/","title":{"rendered":"Opbevaringstaske XL til Original HappyLounge | praktisk tilbeh\u00f8r"},"content":{"rendered":"<ul>\n<li>St\u00f8rrelse: 90 x 60 x 35 cm<\/li>\n<li>Farve: sort<\/li>\n<li>Med lynl\u00e5s og robuste b\u00e6reh\u00e5ndtag<\/li>\n<li>slidst\u00e6rk, let at pleje, vaskbar<\/li>\n<li>Robust og rivefast Oxford-stof<\/li>\n<\/ul>\n<p><strong><br \/>\nPris: <\/strong>inkl. 19% moms og forsendelse i Tyskland<\/p>\n<p>Betalingsbetingelser: Bankoverf\u00f8rsel p\u00e5 forh\u00e5nd<\/p>\n<p>&nbsp;<\/p>\n","protected":false},"excerpt":{"rendered":"<p>Transporttaske til den originale HappyLounge - sovesofaen til cockpittet. Bestil det praktiske tilbeh\u00f8r til din autocamper nu!<\/p>\n","protected":false},"featured_media":6889,"comment_status":"open","ping_status":"closed","template":"","meta":{"_et_pb_use_builder":"off","_et_pb_old_content":"<ul>\n \t<li>Bl\u00f8dt m\u00f8belstof med moderne dobbeltstikninger<\/li>\n \t<li>Plejevenlige betr\u00e6k med anti-plet-finish, aftagelige og vaskbare<\/li>\n \t<li>Comfort 10 cm multi-zone madraskerne kombineret med stabiliserende elementer<\/li>\n \t<li>Passer til fors\u00e6der i Ford Transit og MAN TGE basisk\u00f8ret\u00f8jer samt til Mercedes Benz Sprinter med komforts\u00e6der<\/li>\n \t<li>Der findes passende HappyLounge-versioner til forskellige autocamperlayouts.<\/li>\n<\/ul>\n \n\n ","_et_gb_content_width":""},"product_brand":[],"product_cat":[90],"product_tag":[],"class_list":{"0":"post-8308","1":"product","2":"type-product","3":"status-publish","4":"has-post-thumbnail","6":"product_cat-tilbehoer","8":"first","9":"instock","10":"purchasable","11":"product-type-simple"},"yoast_head":"<!-- This site is optimized with the Yoast SEO plugin v27.0 - https:\/\/yoast.com\/product\/yoast-seo-wordpress\/ -->\n<title>Opbevaringstaske XL til Original HappyLounge | praktisk tilbeh\u00f8r - happylounge.camp<\/title>\n<meta name=\"description\" content=\"Transporttaske til den originale HappyLounge - sovesofaen til cockpittet. Bestil det praktiske tilbeh\u00f8r til din autocamper nu!\" \/>\n<meta name=\"robots\" content=\"index, follow, max-snippet:-1, max-image-preview:large, max-video-preview:-1\" \/>\n<link rel=\"canonical\" href=\"https:\/\/happylounge.camp\/da\/produkt\/opbevaringstaske-xl-til-original-happylounge-praktisk-tilbehoer\/\" \/>\n<meta property=\"og:locale\" content=\"da_DK\" \/>\n<meta property=\"og:type\" content=\"article\" \/>\n<meta property=\"og:title\" content=\"Opbevaringstaske XL til Original HappyLounge | praktisk tilbeh\u00f8r - happylounge.camp\" \/>\n<meta property=\"og:description\" content=\"Transporttaske til den originale HappyLounge - sovesofaen til cockpittet. Bestil det praktiske tilbeh\u00f8r til din autocamper nu!\" \/>\n<meta property=\"og:url\" content=\"https:\/\/happylounge.camp\/da\/produkt\/opbevaringstaske-xl-til-original-happylounge-praktisk-tilbehoer\/\" \/>\n<meta property=\"og:site_name\" content=\"happylounge.camp\" \/>\n<meta property=\"og:image\" content=\"https:\/\/happylounge.camp\/wp-content\/uploads\/2025\/09\/Shop_Titelbild_Tasche_HappyLounge_h-hl_1-1_bZ.jpg\" \/>\n\t<meta property=\"og:image:width\" content=\"474\" \/>\n\t<meta property=\"og:image:height\" content=\"474\" \/>\n\t<meta property=\"og:image:type\" content=\"image\/jpeg\" \/>\n<meta name=\"twitter:card\" content=\"summary_large_image\" \/>\n<script type=\"application\/ld+json\" class=\"yoast-schema-graph\">{\"@context\":\"https:\/\/schema.org\",\"@graph\":[{\"@type\":\"WebPage\",\"@id\":\"https:\/\/happylounge.camp\/da\/produkt\/opbevaringstaske-xl-til-original-happylounge-praktisk-tilbehoer\/\",\"url\":\"https:\/\/happylounge.camp\/da\/produkt\/opbevaringstaske-xl-til-original-happylounge-praktisk-tilbehoer\/\",\"name\":\"Opbevaringstaske XL til Original HappyLounge | praktisk tilbeh\u00f8r - happylounge.camp\",\"isPartOf\":{\"@id\":\"https:\/\/happylounge.camp\/da\/#website\"},\"primaryImageOfPage\":{\"@id\":\"https:\/\/happylounge.camp\/da\/produkt\/opbevaringstaske-xl-til-original-happylounge-praktisk-tilbehoer\/#primaryimage\"},\"image\":{\"@id\":\"https:\/\/happylounge.camp\/da\/produkt\/opbevaringstaske-xl-til-original-happylounge-praktisk-tilbehoer\/#primaryimage\"},\"thumbnailUrl\":\"https:\/\/happylounge.camp\/wp-content\/uploads\/2025\/09\/Shop_Titelbild_Tasche_HappyLounge_h-hl_1-1_bZ.jpg\",\"datePublished\":\"2025-09-18T12:06:55+00:00\",\"description\":\"Transporttaske til den originale HappyLounge - sovesofaen til cockpittet. Bestil det praktiske tilbeh\u00f8r til din autocamper nu!\",\"breadcrumb\":{\"@id\":\"https:\/\/happylounge.camp\/da\/produkt\/opbevaringstaske-xl-til-original-happylounge-praktisk-tilbehoer\/#breadcrumb\"},\"inLanguage\":\"da-DK\",\"potentialAction\":[{\"@type\":\"ReadAction\",\"target\":[\"https:\/\/happylounge.camp\/da\/produkt\/opbevaringstaske-xl-til-original-happylounge-praktisk-tilbehoer\/\"]}]},{\"@type\":\"ImageObject\",\"inLanguage\":\"da-DK\",\"@id\":\"https:\/\/happylounge.camp\/da\/produkt\/opbevaringstaske-xl-til-original-happylounge-praktisk-tilbehoer\/#primaryimage\",\"url\":\"https:\/\/happylounge.camp\/wp-content\/uploads\/2025\/09\/Shop_Titelbild_Tasche_HappyLounge_h-hl_1-1_bZ.jpg\",\"contentUrl\":\"https:\/\/happylounge.camp\/wp-content\/uploads\/2025\/09\/Shop_Titelbild_Tasche_HappyLounge_h-hl_1-1_bZ.jpg\",\"width\":474,\"height\":474,\"caption\":\"Shop_Titelbild_Tasche_HappyLounge_h-hl_1-1_bZ\"},{\"@type\":\"BreadcrumbList\",\"@id\":\"https:\/\/happylounge.camp\/da\/produkt\/opbevaringstaske-xl-til-original-happylounge-praktisk-tilbehoer\/#breadcrumb\",\"itemListElement\":[{\"@type\":\"ListItem\",\"position\":1,\"name\":\"Startseite\",\"item\":\"https:\/\/happylounge.camp\/da\/hjem\/\"},{\"@type\":\"ListItem\",\"position\":2,\"name\":\"Shop\",\"item\":\"https:\/\/happylounge.camp\/?page_id=207\"},{\"@type\":\"ListItem\",\"position\":3,\"name\":\"Opbevaringstaske XL til Original HappyLounge | praktisk tilbeh\u00f8r\"}]},{\"@type\":\"WebSite\",\"@id\":\"https:\/\/happylounge.camp\/da\/#website\",\"url\":\"https:\/\/happylounge.camp\/da\/\",\"name\":\"happylounge.camp\",\"description\":\"HappyLounge | Das Cockpit Sofabett - Mehr Komfort und Ambiente im Wohnmobil || Mobil, leicht und kompakt sowie einfach zu verstauen\",\"publisher\":{\"@id\":\"https:\/\/happylounge.camp\/da\/#organization\"},\"potentialAction\":[{\"@type\":\"SearchAction\",\"target\":{\"@type\":\"EntryPoint\",\"urlTemplate\":\"https:\/\/happylounge.camp\/da\/?s={search_term_string}\"},\"query-input\":{\"@type\":\"PropertyValueSpecification\",\"valueRequired\":true,\"valueName\":\"search_term_string\"}}],\"inLanguage\":\"da-DK\"},{\"@type\":\"Organization\",\"@id\":\"https:\/\/happylounge.camp\/da\/#organization\",\"name\":\"HappyLounge Polstermanufaktur R\u00fchle\",\"url\":\"https:\/\/happylounge.camp\/da\/\",\"logo\":{\"@type\":\"ImageObject\",\"inLanguage\":\"da-DK\",\"@id\":\"https:\/\/happylounge.camp\/da\/#\/schema\/logo\/image\/\",\"url\":\"https:\/\/happylounge.camp\/wp-content\/uploads\/2022\/08\/HappyLounge-Logo-transparent_AR.png\",\"contentUrl\":\"https:\/\/happylounge.camp\/wp-content\/uploads\/2022\/08\/HappyLounge-Logo-transparent_AR.png\",\"width\":3188,\"height\":1914,\"caption\":\"HappyLounge Polstermanufaktur R\u00fchle\"},\"image\":{\"@id\":\"https:\/\/happylounge.camp\/da\/#\/schema\/logo\/image\/\"}}]}<\/script>\n<!-- \/ Yoast SEO plugin. -->","yoast_head_json":{"title":"Opbevaringstaske XL til Original HappyLounge | praktisk tilbeh\u00f8r - happylounge.camp","description":"Transporttaske til den originale HappyLounge - sovesofaen til cockpittet. Bestil det praktiske tilbeh\u00f8r til din autocamper nu!","robots":{"index":"index","follow":"follow","max-snippet":"max-snippet:-1","max-image-preview":"max-image-preview:large","max-video-preview":"max-video-preview:-1"},"canonical":"https:\/\/happylounge.camp\/da\/produkt\/opbevaringstaske-xl-til-original-happylounge-praktisk-tilbehoer\/","og_locale":"da_DK","og_type":"article","og_title":"Opbevaringstaske XL til Original HappyLounge | praktisk tilbeh\u00f8r - happylounge.camp","og_description":"Transporttaske til den originale HappyLounge - sovesofaen til cockpittet. Bestil det praktiske tilbeh\u00f8r til din autocamper nu!","og_url":"https:\/\/happylounge.camp\/da\/produkt\/opbevaringstaske-xl-til-original-happylounge-praktisk-tilbehoer\/","og_site_name":"happylounge.camp","og_image":[{"width":474,"height":474,"url":"https:\/\/happylounge.camp\/wp-content\/uploads\/2025\/09\/Shop_Titelbild_Tasche_HappyLounge_h-hl_1-1_bZ.jpg","type":"image\/jpeg"}],"twitter_card":"summary_large_image","schema":{"@context":"https:\/\/schema.org","@graph":[{"@type":"WebPage","@id":"https:\/\/happylounge.camp\/da\/produkt\/opbevaringstaske-xl-til-original-happylounge-praktisk-tilbehoer\/","url":"https:\/\/happylounge.camp\/da\/produkt\/opbevaringstaske-xl-til-original-happylounge-praktisk-tilbehoer\/","name":"Opbevaringstaske XL til Original HappyLounge | praktisk tilbeh\u00f8r - happylounge.camp","isPartOf":{"@id":"https:\/\/happylounge.camp\/da\/#website"},"primaryImageOfPage":{"@id":"https:\/\/happylounge.camp\/da\/produkt\/opbevaringstaske-xl-til-original-happylounge-praktisk-tilbehoer\/#primaryimage"},"image":{"@id":"https:\/\/happylounge.camp\/da\/produkt\/opbevaringstaske-xl-til-original-happylounge-praktisk-tilbehoer\/#primaryimage"},"thumbnailUrl":"https:\/\/happylounge.camp\/wp-content\/uploads\/2025\/09\/Shop_Titelbild_Tasche_HappyLounge_h-hl_1-1_bZ.jpg","datePublished":"2025-09-18T12:06:55+00:00","description":"Transporttaske til den originale HappyLounge - sovesofaen til cockpittet. Bestil det praktiske tilbeh\u00f8r til din autocamper nu!","breadcrumb":{"@id":"https:\/\/happylounge.camp\/da\/produkt\/opbevaringstaske-xl-til-original-happylounge-praktisk-tilbehoer\/#breadcrumb"},"inLanguage":"da-DK","potentialAction":[{"@type":"ReadAction","target":["https:\/\/happylounge.camp\/da\/produkt\/opbevaringstaske-xl-til-original-happylounge-praktisk-tilbehoer\/"]}]},{"@type":"ImageObject","inLanguage":"da-DK","@id":"https:\/\/happylounge.camp\/da\/produkt\/opbevaringstaske-xl-til-original-happylounge-praktisk-tilbehoer\/#primaryimage","url":"https:\/\/happylounge.camp\/wp-content\/uploads\/2025\/09\/Shop_Titelbild_Tasche_HappyLounge_h-hl_1-1_bZ.jpg","contentUrl":"https:\/\/happylounge.camp\/wp-content\/uploads\/2025\/09\/Shop_Titelbild_Tasche_HappyLounge_h-hl_1-1_bZ.jpg","width":474,"height":474,"caption":"Shop_Titelbild_Tasche_HappyLounge_h-hl_1-1_bZ"},{"@type":"BreadcrumbList","@id":"https:\/\/happylounge.camp\/da\/produkt\/opbevaringstaske-xl-til-original-happylounge-praktisk-tilbehoer\/#breadcrumb","itemListElement":[{"@type":"ListItem","position":1,"name":"Startseite","item":"https:\/\/happylounge.camp\/da\/hjem\/"},{"@type":"ListItem","position":2,"name":"Shop","item":"https:\/\/happylounge.camp\/?page_id=207"},{"@type":"ListItem","position":3,"name":"Opbevaringstaske XL til Original HappyLounge | praktisk tilbeh\u00f8r"}]},{"@type":"WebSite","@id":"https:\/\/happylounge.camp\/da\/#website","url":"https:\/\/happylounge.camp\/da\/","name":"happylounge.camp","description":"HappyLounge | Das Cockpit Sofabett - Mehr Komfort und Ambiente im Wohnmobil || Mobil, leicht und kompakt sowie einfach zu verstauen","publisher":{"@id":"https:\/\/happylounge.camp\/da\/#organization"},"potentialAction":[{"@type":"SearchAction","target":{"@type":"EntryPoint","urlTemplate":"https:\/\/happylounge.camp\/da\/?s={search_term_string}"},"query-input":{"@type":"PropertyValueSpecification","valueRequired":true,"valueName":"search_term_string"}}],"inLanguage":"da-DK"},{"@type":"Organization","@id":"https:\/\/happylounge.camp\/da\/#organization","name":"HappyLounge Polstermanufaktur R\u00fchle","url":"https:\/\/happylounge.camp\/da\/","logo":{"@type":"ImageObject","inLanguage":"da-DK","@id":"https:\/\/happylounge.camp\/da\/#\/schema\/logo\/image\/","url":"https:\/\/happylounge.camp\/wp-content\/uploads\/2022\/08\/HappyLounge-Logo-transparent_AR.png","contentUrl":"https:\/\/happylounge.camp\/wp-content\/uploads\/2022\/08\/HappyLounge-Logo-transparent_AR.png","width":3188,"height":1914,"caption":"HappyLounge Polstermanufaktur R\u00fchle"},"image":{"@id":"https:\/\/happylounge.camp\/da\/#\/schema\/logo\/image\/"}}]}},"_links":{"self":[{"href":"https:\/\/happylounge.camp\/da\/wp-json\/wp\/v2\/product\/8308","targetHints":{"allow":["GET"]}}],"collection":[{"href":"https:\/\/happylounge.camp\/da\/wp-json\/wp\/v2\/product"}],"about":[{"href":"https:\/\/happylounge.camp\/da\/wp-json\/wp\/v2\/types\/product"}],"replies":[{"embeddable":true,"href":"https:\/\/happylounge.camp\/da\/wp-json\/wp\/v2\/comments?post=8308"}],"wp:featuredmedia":[{"embeddable":true,"href":"https:\/\/happylounge.camp\/da\/wp-json\/wp\/v2\/media\/6889"}],"wp:attachment":[{"href":"https:\/\/happylounge.camp\/da\/wp-json\/wp\/v2\/media?parent=8308"}],"wp:term":[{"taxonomy":"product_brand","embeddable":true,"href":"https:\/\/happylounge.camp\/da\/wp-json\/wp\/v2\/product_brand?post=8308"},{"taxonomy":"product_cat","embeddable":true,"href":"https:\/\/happylounge.camp\/da\/wp-json\/wp\/v2\/product_cat?post=8308"},{"taxonomy":"product_tag","embeddable":true,"href":"https:\/\/happylounge.camp\/da\/wp-json\/wp\/v2\/product_tag?post=8308"}],"curies":[{"name":"wp","href":"https:\/\/api.w.org\/{rel}","templated":true}]}}