{"id":8306,"date":"2025-12-02T11:33:45","date_gmt":"2025-12-02T10:33:45","guid":{"rendered":"https:\/\/happylounge.camp\/politik-for-tilbagebetaling-og-returnering\/"},"modified":"2025-12-02T11:41:51","modified_gmt":"2025-12-02T10:41:51","slug":"politik-for-tilbagebetaling-og-returnering","status":"publish","type":"page","link":"https:\/\/happylounge.camp\/da\/politik-for-tilbagebetaling-og-returnering\/","title":{"rendered":"Politik for tilbagebetaling og returnering"},"content":{"rendered":"\n<p><b>Dette er en eksempelside.<\/b><\/p>\n\n<h2 class=\"wp-block-heading\">Oversigt<\/h2>\n\n<p>Vores refusions- og returpolitik varer 30 dage. Hvis der er g\u00e5et 30 dage siden dit k\u00f8b, kan vi ikke tilbyde dig fuld refusion eller ombytning. <\/p>\n\n<p>For at v\u00e6re berettiget til returnering skal din vare v\u00e6re ubrugt og i samme stand, som du modtog den. Den skal ogs\u00e5 v\u00e6re i den originale emballage. <\/p>\n\n<p>Flere typer varer er undtaget fra at blive returneret. Letford\u00e6rvelige varer som mad, blomster, aviser eller magasiner kan ikke returneres. Vi tager heller ikke imod produkter, der er intim- eller hygiejneartikler, farlige materialer eller brandfarlige v\u00e6sker eller gasser.  <\/p>\n\n<p>Yderligere varer, der ikke kan returneres:<\/p>\n\n<ul class=\"wp-block-list\">\n<li>Gavekort<\/li>\n<li>Softwareprodukter, der kan downloades<\/li>\n<li>Nogle sundheds- og personlige plejeartikler<\/li>\n<\/ul>\n\n<p>For at gennemf\u00f8re din returnering skal vi bruge en kvittering eller et k\u00f8bsbevis.<\/p>\n\n<p>Send ikke dit k\u00f8b tilbage til producenten.<\/p>\n\n<p>Der er visse situationer, hvor der kun gives delvis refusion:<\/p>\n\n<ul class=\"wp-block-list\">\n<li>Bog med tydelige brugsspor<\/li>\n<li>CD, DVD, VHS-b\u00e5nd, software, videospil, kassetteb\u00e5nd eller vinylplader, der har v\u00e6ret \u00e5bnet.<\/li>\n<li>Enhver vare, der ikke er i sin oprindelige stand, er beskadiget eller mangler dele af \u00e5rsager, der ikke skyldes vores fejl.<\/li>\n<li>Enhver vare, der returneres mere end 30 dage efter levering<\/li>\n<\/ul>\n\n<h2 class=\"wp-block-heading\">Tilbagebetaling<\/h2>\n\n<p>N\u00e5r din returnering er modtaget og kontrolleret, sender vi dig en e-mail med besked om, at vi har modtaget din returnerede vare. Vi giver dig ogs\u00e5 besked om godkendelse eller afvisning af din refusion. <\/p>\n\n<p>Hvis du bliver godkendt, vil din tilbagebetaling blive behandlet, og en kreditering vil automatisk blive foretaget p\u00e5 dit kreditkort eller den oprindelige betalingsmetode inden for et bestemt antal dage.<\/p>\n\n<h3 class=\"wp-block-heading\">Forsinket eller manglende tilbagebetaling<\/h3>\n\n<p>Hvis du endnu ikke har modtaget en tilbagebetaling, skal du f\u00f8rst tjekke din bankkonto igen.<\/p>\n\n<p>Kontakt derefter dit kreditkortselskab, det kan tage lidt tid, f\u00f8r din tilbagebetaling er officielt bogf\u00f8rt.<\/p>\n\n<p>Kontakt derefter din bank. Der er ofte en vis behandlingstid, f\u00f8r en tilbagebetaling bogf\u00f8res. <\/p>\n\n<p>Hvis du har gjort alt dette, og du stadig ikke har modtaget din tilbagebetaling, bedes du kontakte os p\u00e5 {emailadresse}.<\/p>\n\n<h3 class=\"wp-block-heading\">Udsalgsvarer<\/h3>\n\n<p>Kun varer til almindelig pris kan refunderes. Udsalgsvarer kan ikke refunderes. <\/p>\n\n<h2 class=\"wp-block-heading\">Udvekslinger<\/h2>\n\n<p>Vi ombytter kun varer, hvis de er defekte eller beskadigede. Hvis du har brug for at bytte den til den samme vare, skal du sende os en e-mail p\u00e5 {emailadresse} og sende din vare til: {fysisk adresse}. <\/p>\n\n<h2 class=\"wp-block-heading\">Gaver<\/h2>\n\n<p>Hvis varen var markeret som en gave, da den blev k\u00f8bt og sendt direkte til dig, vil du modtage en gavekredit til v\u00e6rdien af din returnering. N\u00e5r vi har modtaget den returnerede vare, f\u00e5r du tilsendt et gavekort. <\/p>\n\n<p>Hvis varen ikke var markeret som en gave, da den blev k\u00f8bt, eller hvis gavegiveren fik ordren sendt til sig selv for at give den til dig senere, sender vi en refusion til gavegiveren, og de vil finde ud af, at du har returneret den.<\/p>\n\n<h2 class=\"wp-block-heading\">Forsendelse af returvarer<\/h2>\n\n<p>For at returnere dit produkt skal du sende dit produkt til: {fysisk adresse}.<\/p>\n\n<p>Du er ansvarlig for at betale dine egne forsendelsesomkostninger for at returnere din vare. Forsendelsesomkostninger kan ikke refunderes. Hvis du modtager en tilbagebetaling, vil omkostningerne til returforsendelse blive trukket fra din tilbagebetaling.  <\/p>\n\n<p>Afh\u00e6ngigt af hvor du bor, kan den tid, det tager for dit ombyttede produkt at n\u00e5 frem til dig, variere.<\/p>\n\n<p>Hvis du returnerer dyrere varer, kan du overveje at bruge en sporbar forsendelsestjeneste eller k\u00f8be en forsendelsesforsikring. Vi garanterer ikke, at vi modtager din returnerede vare. <\/p>\n\n<h2 class=\"wp-block-heading\">Har du brug for hj\u00e6lp?<\/h2>\n\n<p>Kontakt os p\u00e5 {email}, hvis du har sp\u00f8rgsm\u00e5l om tilbagebetaling og returnering.<\/p>\n","protected":false},"excerpt":{"rendered":"<p>Dette er en eksempelside. Oversigt Vores refusions- og returpolitik varer 30 dage. Hvis der er g\u00e5et 30 dage siden dit k\u00f8b, kan vi ikke tilbyde dig fuld refusion eller ombytning. For at v\u00e6re berettiget til returnering skal din vare v\u00e6re ubrugt og i samme stand, som du modtog den. Den skal ogs\u00e5 v\u00e6re i den [&hellip;]<\/p>\n","protected":false},"author":1,"featured_media":0,"parent":0,"menu_order":0,"comment_status":"closed","ping_status":"closed","template":"","meta":{"_et_pb_use_builder":"","_et_pb_old_content":"","_et_gb_content_width":"","footnotes":""},"class_list":["post-8306","page","type-page","status-publish","hentry"],"yoast_head":"<!-- This site is optimized with the Yoast SEO plugin v27.0 - https:\/\/yoast.com\/product\/yoast-seo-wordpress\/ -->\n<title>Politik for tilbagebetaling og returnering - happylounge.camp<\/title>\n<meta name=\"robots\" content=\"index, follow, max-snippet:-1, max-image-preview:large, max-video-preview:-1\" \/>\n<link rel=\"canonical\" href=\"https:\/\/happylounge.camp\/da\/politik-for-tilbagebetaling-og-returnering\/\" \/>\n<meta property=\"og:locale\" content=\"da_DK\" \/>\n<meta property=\"og:type\" content=\"article\" \/>\n<meta property=\"og:title\" content=\"Politik for tilbagebetaling og returnering - happylounge.camp\" \/>\n<meta property=\"og:description\" content=\"Dette er en eksempelside. Oversigt Vores refusions- og returpolitik varer 30 dage. Hvis der er g\u00e5et 30 dage siden dit k\u00f8b, kan vi ikke tilbyde dig fuld refusion eller ombytning. For at v\u00e6re berettiget til returnering skal din vare v\u00e6re ubrugt og i samme stand, som du modtog den. Den skal ogs\u00e5 v\u00e6re i den [&hellip;]\" \/>\n<meta property=\"og:url\" content=\"https:\/\/happylounge.camp\/da\/politik-for-tilbagebetaling-og-returnering\/\" \/>\n<meta property=\"og:site_name\" content=\"happylounge.camp\" \/>\n<meta property=\"article:modified_time\" content=\"2025-12-02T10:41:51+00:00\" \/>\n<meta name=\"twitter:card\" content=\"summary_large_image\" \/>\n<meta name=\"twitter:label1\" content=\"Estimeret l\u00e6setid\" \/>\n\t<meta name=\"twitter:data1\" content=\"3 minutter\" \/>\n<script type=\"application\/ld+json\" class=\"yoast-schema-graph\">{\"@context\":\"https:\/\/schema.org\",\"@graph\":[{\"@type\":\"WebPage\",\"@id\":\"https:\/\/happylounge.camp\/da\/politik-for-tilbagebetaling-og-returnering\/\",\"url\":\"https:\/\/happylounge.camp\/da\/politik-for-tilbagebetaling-og-returnering\/\",\"name\":\"Politik for tilbagebetaling og returnering - happylounge.camp\",\"isPartOf\":{\"@id\":\"https:\/\/happylounge.camp\/da\/#website\"},\"datePublished\":\"2025-12-02T10:33:45+00:00\",\"dateModified\":\"2025-12-02T10:41:51+00:00\",\"breadcrumb\":{\"@id\":\"https:\/\/happylounge.camp\/da\/politik-for-tilbagebetaling-og-returnering\/#breadcrumb\"},\"inLanguage\":\"da-DK\",\"potentialAction\":[{\"@type\":\"ReadAction\",\"target\":[\"https:\/\/happylounge.camp\/da\/politik-for-tilbagebetaling-og-returnering\/\"]}]},{\"@type\":\"BreadcrumbList\",\"@id\":\"https:\/\/happylounge.camp\/da\/politik-for-tilbagebetaling-og-returnering\/#breadcrumb\",\"itemListElement\":[{\"@type\":\"ListItem\",\"position\":1,\"name\":\"Startseite\",\"item\":\"https:\/\/happylounge.camp\/da\/hjem\/\"},{\"@type\":\"ListItem\",\"position\":2,\"name\":\"Politik for tilbagebetaling og returnering\"}]},{\"@type\":\"WebSite\",\"@id\":\"https:\/\/happylounge.camp\/da\/#website\",\"url\":\"https:\/\/happylounge.camp\/da\/\",\"name\":\"happylounge.camp\",\"description\":\"HappyLounge | Das Cockpit Sofabett - Mehr Komfort und Ambiente im Wohnmobil || Mobil, leicht und kompakt sowie einfach zu verstauen\",\"publisher\":{\"@id\":\"https:\/\/happylounge.camp\/da\/#organization\"},\"potentialAction\":[{\"@type\":\"SearchAction\",\"target\":{\"@type\":\"EntryPoint\",\"urlTemplate\":\"https:\/\/happylounge.camp\/da\/?s={search_term_string}\"},\"query-input\":{\"@type\":\"PropertyValueSpecification\",\"valueRequired\":true,\"valueName\":\"search_term_string\"}}],\"inLanguage\":\"da-DK\"},{\"@type\":\"Organization\",\"@id\":\"https:\/\/happylounge.camp\/da\/#organization\",\"name\":\"HappyLounge Polstermanufaktur R\u00fchle\",\"url\":\"https:\/\/happylounge.camp\/da\/\",\"logo\":{\"@type\":\"ImageObject\",\"inLanguage\":\"da-DK\",\"@id\":\"https:\/\/happylounge.camp\/da\/#\/schema\/logo\/image\/\",\"url\":\"https:\/\/happylounge.camp\/wp-content\/uploads\/2022\/08\/HappyLounge-Logo-transparent_AR.png\",\"contentUrl\":\"https:\/\/happylounge.camp\/wp-content\/uploads\/2022\/08\/HappyLounge-Logo-transparent_AR.png\",\"width\":3188,\"height\":1914,\"caption\":\"HappyLounge Polstermanufaktur R\u00fchle\"},\"image\":{\"@id\":\"https:\/\/happylounge.camp\/da\/#\/schema\/logo\/image\/\"}}]}<\/script>\n<!-- \/ Yoast SEO plugin. -->","yoast_head_json":{"title":"Politik for tilbagebetaling og returnering - happylounge.camp","robots":{"index":"index","follow":"follow","max-snippet":"max-snippet:-1","max-image-preview":"max-image-preview:large","max-video-preview":"max-video-preview:-1"},"canonical":"https:\/\/happylounge.camp\/da\/politik-for-tilbagebetaling-og-returnering\/","og_locale":"da_DK","og_type":"article","og_title":"Politik for tilbagebetaling og returnering - happylounge.camp","og_description":"Dette er en eksempelside. Oversigt Vores refusions- og returpolitik varer 30 dage. Hvis der er g\u00e5et 30 dage siden dit k\u00f8b, kan vi ikke tilbyde dig fuld refusion eller ombytning. For at v\u00e6re berettiget til returnering skal din vare v\u00e6re ubrugt og i samme stand, som du modtog den. Den skal ogs\u00e5 v\u00e6re i den [&hellip;]","og_url":"https:\/\/happylounge.camp\/da\/politik-for-tilbagebetaling-og-returnering\/","og_site_name":"happylounge.camp","article_modified_time":"2025-12-02T10:41:51+00:00","twitter_card":"summary_large_image","twitter_misc":{"Estimeret l\u00e6setid":"3 minutter"},"schema":{"@context":"https:\/\/schema.org","@graph":[{"@type":"WebPage","@id":"https:\/\/happylounge.camp\/da\/politik-for-tilbagebetaling-og-returnering\/","url":"https:\/\/happylounge.camp\/da\/politik-for-tilbagebetaling-og-returnering\/","name":"Politik for tilbagebetaling og returnering - happylounge.camp","isPartOf":{"@id":"https:\/\/happylounge.camp\/da\/#website"},"datePublished":"2025-12-02T10:33:45+00:00","dateModified":"2025-12-02T10:41:51+00:00","breadcrumb":{"@id":"https:\/\/happylounge.camp\/da\/politik-for-tilbagebetaling-og-returnering\/#breadcrumb"},"inLanguage":"da-DK","potentialAction":[{"@type":"ReadAction","target":["https:\/\/happylounge.camp\/da\/politik-for-tilbagebetaling-og-returnering\/"]}]},{"@type":"BreadcrumbList","@id":"https:\/\/happylounge.camp\/da\/politik-for-tilbagebetaling-og-returnering\/#breadcrumb","itemListElement":[{"@type":"ListItem","position":1,"name":"Startseite","item":"https:\/\/happylounge.camp\/da\/hjem\/"},{"@type":"ListItem","position":2,"name":"Politik for tilbagebetaling og returnering"}]},{"@type":"WebSite","@id":"https:\/\/happylounge.camp\/da\/#website","url":"https:\/\/happylounge.camp\/da\/","name":"happylounge.camp","description":"HappyLounge | Das Cockpit Sofabett - Mehr Komfort und Ambiente im Wohnmobil || Mobil, leicht und kompakt sowie einfach zu verstauen","publisher":{"@id":"https:\/\/happylounge.camp\/da\/#organization"},"potentialAction":[{"@type":"SearchAction","target":{"@type":"EntryPoint","urlTemplate":"https:\/\/happylounge.camp\/da\/?s={search_term_string}"},"query-input":{"@type":"PropertyValueSpecification","valueRequired":true,"valueName":"search_term_string"}}],"inLanguage":"da-DK"},{"@type":"Organization","@id":"https:\/\/happylounge.camp\/da\/#organization","name":"HappyLounge Polstermanufaktur R\u00fchle","url":"https:\/\/happylounge.camp\/da\/","logo":{"@type":"ImageObject","inLanguage":"da-DK","@id":"https:\/\/happylounge.camp\/da\/#\/schema\/logo\/image\/","url":"https:\/\/happylounge.camp\/wp-content\/uploads\/2022\/08\/HappyLounge-Logo-transparent_AR.png","contentUrl":"https:\/\/happylounge.camp\/wp-content\/uploads\/2022\/08\/HappyLounge-Logo-transparent_AR.png","width":3188,"height":1914,"caption":"HappyLounge Polstermanufaktur R\u00fchle"},"image":{"@id":"https:\/\/happylounge.camp\/da\/#\/schema\/logo\/image\/"}}]}},"_links":{"self":[{"href":"https:\/\/happylounge.camp\/da\/wp-json\/wp\/v2\/pages\/8306","targetHints":{"allow":["GET"]}}],"collection":[{"href":"https:\/\/happylounge.camp\/da\/wp-json\/wp\/v2\/pages"}],"about":[{"href":"https:\/\/happylounge.camp\/da\/wp-json\/wp\/v2\/types\/page"}],"author":[{"embeddable":true,"href":"https:\/\/happylounge.camp\/da\/wp-json\/wp\/v2\/users\/1"}],"replies":[{"embeddable":true,"href":"https:\/\/happylounge.camp\/da\/wp-json\/wp\/v2\/comments?post=8306"}],"version-history":[{"count":0,"href":"https:\/\/happylounge.camp\/da\/wp-json\/wp\/v2\/pages\/8306\/revisions"}],"wp:attachment":[{"href":"https:\/\/happylounge.camp\/da\/wp-json\/wp\/v2\/media?parent=8306"}],"curies":[{"name":"wp","href":"https:\/\/api.w.org\/{rel}","templated":true}]}}