{"id":7359,"date":"2022-08-20T20:08:32","date_gmt":"2022-08-20T18:08:32","guid":{"rendered":"https:\/\/happylounge.camp\/aftryk-og-privatlivspolitik\/"},"modified":"2025-12-19T18:18:07","modified_gmt":"2025-12-19T17:18:07","slug":"aftryk-og-privatlivspolitik","status":"publish","type":"page","link":"https:\/\/happylounge.camp\/da\/aftryk-og-privatlivspolitik\/","title":{"rendered":"Aftryk og privatlivspolitik"},"content":{"rendered":"<p>[et_pb_section fb_built=&#8221;1&#8243; admin_label=&#8221;section&#8221; _builder_version=&#8221;4.16&#8243; global_colors_info=&#8221;{}&#8221;][et_pb_row admin_label=&#8221;r\u00e6kke&#8221; _builder_version=&#8221;4.16&#8243; background_size=&#8221;initial&#8221; background_position=&#8221;top_left&#8221; background_repeat=&#8221;repeat&#8221; global_colors_info=&#8221;{}&#8221;][et_pb_column type=&#8221;4_4&#8243; _builder_version=&#8221;4.16&#8243; custom_padding=&#8221;|||&#8221; global_colors_info=&#8221;{}&#8221; custom_padding__hover=&#8221;|||&#8221;][et_pb_text admin_label=&#8221;Text&#8221; _builder_version=&#8221;4.24.0&#8243; background_size=&#8221;initial&#8221; background_position=&#8221;top_left&#8221; background_repeat=&#8221;repeat&#8221; global_colors_info=&#8221;{}&#8221;]<\/p>\n<p><!-- divi:heading --><\/p>\n<h1>P\u00e5tryk<\/h1>\n<p><!-- \/divi:heading --><!-- divi:shortcode --><p>Happylounge Polstermanufaktur R\u00fchle<br \/>Company owner: Andrea R\u00fchle<br \/>Von-Thierbach-Stra\u00dfe 30<br \/>74196 Neuenstadt<br \/>Germany<br \/>Email: <a href=\"mailto:info@happylounge.camp\">info@happylounge.camp<\/a><br \/>Phone: 07139 9306918<br \/>Sales tax identification number: DE235795708<\/p>\n<p>Responsible for content: Andrea R\u00fchle<\/p>\n<br \/>Medlem af Heilbronn-Frankens H\u00e5ndv\u00e6rkskammer | Heilbronn-Frankens Industri- og Handelskammer<\/p>\n<p>&nbsp;<\/p>\n<p>&nbsp;<\/p>\n<p>&nbsp;<\/p>\n<p>Webdesign: <a href=\"https:\/\/otte-marketing.de\/?utm_source=vomberg&amp;utm_medium=link&amp;utm_content=textlink\" target=\"_blank\" rel=\"noopener\">om marketing<\/a><\/p>\n<p>&nbsp;<\/p>\n<p><!-- divi:paragraph --><!-- \/divi:paragraph --><\/p>\n<p>[\/et_pb_text][et_pb_text _builder_version=&#8221;4.18.0&#8243; _module_preset=&#8221;default&#8221; header_3_font_size=&#8221;20px&#8221; global_colors_info=&#8221;{}&#8221;]<\/p>\n<h3>Billedkreditter \/ stockfotos:<\/h3>\n<p>[\/et_pb_text][et_pb_gallery gallery_ids=&#8221;10182,7378,10183,10184,10185&#8243; posts_number=&#8221;5&#8243; show_pagination=&#8221;off&#8221; _builder_version=&#8221;4.24.0&#8243; _module_preset=&#8221;default&#8221; custom_padding=&#8221;||||false|false&#8221; hover_enabled=&#8221;0&#8243; global_colors_info=&#8221;{}&#8221; sticky_enabled=&#8221;0&#8243;][\/et_pb_gallery][et_pb_text admin_label=&#8221;Text&#8221; _builder_version=&#8221;4.18.0&#8243; background_size=&#8221;initial&#8221; background_position=&#8221;top_left&#8221; background_repeat=&#8221;repeat&#8221; global_colors_info=&#8221;{}&#8221;]<!-- divi:heading --><\/p>\n<h2>Udarbejdelse af databaser<\/h2>\n<p><p>In dieser Datenschutzerkl\u00e4rung informieren wir Sie \u00fcber die Verarbeitung Ihrer personenbezogenen Daten.<\/p>\n<p> Sofern Sie Ihre Datenschutzeinstellungen \u00e4ndern m\u00f6chten (Einwilligungen erteilen oder bereits erteilte Einwilligungen widerrufen), klicken Sie <a target=\"_blank\" href=\"#\" class=\"sp-dsgvo-show-privacy-popup\">hier<\/a> um Ihre Einstellungen zu \u00e4ndern.<\/p>\n<h3>Responsible<\/h3>\n<p>Andrea R\u00fchle, Happylounge Polstermanufaktur R\u00fchle, Von-Thierbach-Stra\u00dfe 30, 74196 Neuenstadt, Deutschland, <a href=\"mailto:info@happylounge.camp\">info@happylounge.camp<\/a>, 07139 9306918<\/p>\n<h3>Hosting<\/h3>\n<h4>All-inkl.com<\/h4>\n<p><p>Wir hosten unsere Website bei unserem Auftragsverarbeiter <a target=\"_blank\" href=\"https:\/\/all-inkl.com\/\">All-inkl.com<\/a>, ALL-INKL.COM - Neue Medien M\u00fcnnich, Ren\u00e9 M\u00fcnnich, Hauptstra\u00dfe 68, 02742 Friedersdorf, Deutschland.<\/p>\n<p>Zum Zweck der Bereitstellung und der Auslieferung der Website werden Verbindungsdaten verarbeitet. Zum blo\u00dfen Zweck der Auslieferung und Bereitstellung der Website werden die Daten \u00fcber den Aufruf hinaus nicht gespeichert.<\/p>\n<p>Die Rechtsgrundlage f\u00fcr die Datenverarbeitung ist das berechtigte Interesse (unbedingte technische Notwendigkeit zur Bereitstellung und Auslieferung des von Ihnen durch Ihren Aufruf ausdr\u00fccklich gew\u00fcnschten Dienstes &#8220;Website&#8221;) gem\u00e4\u00df Art. 6 Abs. 1 lit. f DSGVO.<\/p>\n<p>Zum Betrieb der Website werden die Verbindungsdaten und weitere personenbezogenen Daten zus\u00e4tzlich im Rahmen diverser anderer Funktionen bzw. Dienste verarbeitet. Dar\u00fcber wird im Rahmen dieser Datenschutzerkl\u00e4rung bei den einzelnen Funktionen bzw. Diensten im Detail informiert.<\/p>\n<\/p>\n<h3>Server Log Files<\/h3>\n<p><span><\/p>\n<p>Zum Zweck der \u00dcberwachung der technischen Funktion und zur Erh\u00f6hung der Betriebssicherheit unseres Webhosts werden Verbindungsdaten verarbeitet. Die Dauer der Verarbeitung ist auf 7 Tage beschr\u00e4nkt.<\/p>\n<p>Die Rechtsgrundlage f\u00fcr die Datenverarbeitung ist das berechtigte Interesse (unbedingte technische Notwendigkeit eines Server Log Files als grundlegende Datenbasis zur Fehleranalyse und f\u00fcr Sicherheitsma\u00dfnahmen im Rahmen des durch Ihren Aufruf ausdr\u00fccklich gew\u00fcnschten Dienstes &#8220;Website&#8221;) gem\u00e4\u00df Art. 6 Abs. 1 lit. f DSGVO.<\/p>\n<p><\/span><\/p>\n<h3>Contact Form<\/h3>\n<p><p>Auf unserer Website besteht die M\u00f6glichkeit, durch ein Kontaktformular direkt mit uns in Kontakt zu treten. Nach Absenden des Kontaktformulars erfolgt eine Verarbeitung der von Ihnen eingegebenen personenbezogenen Daten durch den Verantwortlichen zum Zweck der Bearbeitung Ihrer Anfrage auf Grundlage der von Ihnen durch das Absenden des Formulars erteilten Einwilligung gem. Art. 6 Abs. 1 lit. a DSGVO bis auf Widerruf.<br \/>Es besteht keine gesetzliche oder vertragliche Verpflichtung zur Bereitstellung der personenbezogenen Daten. Die Nichtbereitstellung hat lediglich zur Folge, dass Sie Ihr Anliegen nicht \u00fcbermitteln und wir dieses nicht bearbeiten k\u00f6nnen.<\/p>\n<\/p>\n<h3>Security Services<\/h3>\n<p><p>Auf dieser Website nutzen wir zur Vermeidung von nicht menschlichen und automatisierten Eingaben das Angebot von Sicherheitsdienstleistern wie Captcha-Diensten.<\/p>\n<\/p>\n<h3>Web Shop<\/h3>\n<p><p>Wir bieten Ihnen die M\u00f6glichkeit, Produkte direkt \u00fcber unseren Webshop zu erwerben. Im Rahmen des Webshops erfolgt eine Verarbeitung der von Ihnen eingegebenen Daten sowie Daten zu von Ihnen ausgew\u00e4hlten Produkten durch den Verantwortlichen zur Durchf\u00fchrung der Angebotslegung, des Vertragsabschlusses, der Vertragserf\u00fcllung sowie zur Erf\u00fcllung eventueller nachvertraglicher Verpflichtungen vor Vertragsabschluss auf Grundlage des von Ihnen initiierten vorvertraglichen Verh\u00e4ltnisses und nach Vertragsabschluss aufgrund des Vertrages gem. Art. 6 Abs. 1 lit. b DSGVO.<\/p>\n<p>Sofern der Kauf unserer Produkte \u00fcber einen bereits bestehenden Kunden-Account erfolgt ist oder ein Kunden-Account zur Abwicklung des Kaufs erstellt wurde, erfolgt die Verarbeitung Ihrer personenbezogenen Daten bis zur L\u00f6schung Ihres Kunden-Accounts.<\/p>\n<p>Bei Kunden, welche unsere Produkte \u00fcber ein Gast-Profil erworben haben, erfolgt die Verarbeitung Ihrer personenbezogenen Daten bis zum Ablauf der gesetzlichen Aufbewahrungspflichten.<\/p>\n<p> Es erfolgt eine mit dem Zweck der Vertragserf\u00fcllung zu vereinbarende Weiterverarbeitung Ihrer Daten zum Zweck des Direktmarketings in nicht einwilligungspflichtigen Formen wie dem adressierten postalischen Versand von Werbung bis auf Widerspruch.<\/p>\n<p>Es besteht keine gesetzliche oder vertragliche Verpflichtung zur Bereitstellung der personenbezogenen Daten. Die Bereitstellung ist jedoch zum Vertragsabschluss erforderlich. Die Nichtbereitstellung hat zur Folge, dass kein Vertragsabschluss erfolgen kann.<\/p>\n<p>Warenk\u00f6rbe von nicht registrierten Benutzern werden nach l\u00e4ngstens 14 Tagen gel\u00f6scht. Die Benutzerkonten registrierter Benutzer bleiben bis zur L\u00f6schung des Kontos durch den Benutzer bestehen. Vertragsdaten werden bis zur Verj\u00e4hrung m\u00f6glicher nachvertraglicher Verpflichtungen verarbeitet. <\/p>\n<\/p>\n<h3>Right to object<\/h3>\n<p><p>Sofern die Verarbeitung Ihrer personenbezogenen Daten auf Grundlage des berechtigten Interesses erfolgt, haben Sie das Recht gegen diese Verarbeitung zu widersprechen.<\/p>\n<p>Sofern keine zwingenden schutzw\u00fcrdigen Gr\u00fcnde f\u00fcr die Verarbeitung unsererseits vorliegen, wird die Verarbeitung Ihrer Daten auf Basis dieser Rechtsgrundlage eingestellt.<\/p>\n<p>Zudem haben Sie das Recht, der Verarbeitung Ihrer personenbezogenen Daten zum Zweck der Direktwerbung zu widersprechen. Im Fall des Widerspruchs werden Ihre personenbezogenen Daten nicht mehr zum Zweck der Direktwerbung verarbeitet.<\/p>\n<p>Die Rechtm\u00e4\u00dfigkeit der bis zum Widerspruch verarbeiteten Daten wird durch den Widerspruch nicht ber\u00fchrt.<\/p>\n<\/p>\n<h3>Withdrawal<\/h3>\n<p><p>Sie haben das Recht eine bereits erteilte Einwilligung jederzeit zu widerrufen, indem Sie die <a target=\"_blank\" class=\"lwb-ppsp\" href=\"#\" title=\"Datenschutzeinstellungen\">Datenschutzeinstellungen<\/a> \u00e4ndern.<\/p>\n<p>Im Fall der Einwilligung in den Erhalt elektronischer Werbung kann der Widerruf Ihrer Einwilligung durch Klick auf den Abmeldelink erfolgen. In diesem Fall wird eine Verarbeitung, sofern keine andere Rechtsgrundlage besteht, eingestellt.<\/p>\n<p>Die Rechtm\u00e4\u00dfigkeit der bis zum Widerruf verarbeiteten Daten wird durch den Widerruf nicht ber\u00fchrt.<\/p>\n<\/p>\n<h3>Right to data subject<\/h3>\n<p><p>Sie haben zudem das Recht auf Auskunft, Berichtigung, L\u00f6schung und Einschr\u00e4nkung der Verarbeitung der personenbezogenen Daten.<\/p>\n<p>Soweit die Rechtsgrundlage der Verarbeitung Ihrer personenbezogenen Daten in Ihrer Einwilligung oder in einem mit Ihnen abgeschlossenen Vertrag besteht, haben Sie \u00fcberdies das Recht auf Daten\u00fcbertragbarkeit. <\/p>\n<p>Weiters haben Sie das Recht auf Beschwerde bei der Aufsichtsbeh\u00f6rde. N\u00e4here Informationen zu den Aufsichtsbeh\u00f6rden in der Europ\u00e4ischen Union finden Sie <a target=\"_blank\" href=\"https:\/\/ec.europa.eu\/justice\/article-29\/structure\/data-protection-authorities\/index_en.htm\" title=\"Datenschutzbeh\u00f6rden\">hier<\/a>.<\/p><\/p>\n\n<p><!-- divi:paragraph --> <!-- \/divi:paragraph -->[\/et_pb_text][\/et_pb_column][\/et_pb_row][\/et_pb_section]<\/p>\n","protected":false},"excerpt":{"rendered":"<p>P\u00e5tryk <p>Happylounge Polstermanufaktur R\u00fchle<br \/>Company owner: Andrea R\u00fchle<br \/>Von-Thierbach-Stra\u00dfe 30<br \/>74196 Neuenstadt<br \/>Germany<br \/>Email: <a href=\"mailto:info@happylounge.camp\">info@happylounge.camp<\/a><br \/>Phone: 07139 9306918<br \/>Sales tax identification number: DE235795708<\/p>\n<p>Responsible for content: Andrea R\u00fchle<\/p>\nMedlem af Heilbronn-Frankens H\u00e5ndv\u00e6rkskammer | Heilbronn-Frankens Industri- og Handelskammer &nbsp; &nbsp; &nbsp; Webdesign: om marketing &nbsp; Billedkreditter \/ stockfotos: <h2>Udarbejdelse af databaser<\/h2>\n<p><p>In dieser Datenschutzerkl\u00e4rung informieren wir Sie \u00fcber die Verarbeitung Ihrer personenbezogenen Daten.<\/p>\n<p> Sofern Sie Ihre Datenschutzeinstellungen \u00e4ndern m\u00f6chten (Einwilligungen erteilen oder bereits erteilte Einwilligungen widerrufen), klicken Sie <a target=\"_blank\" href=\"#\" class=\"sp-dsgvo-show-privacy-popup\">hier<\/a> um Ihre Einstellungen zu \u00e4ndern.<\/p>\n<h3>Responsible<\/h3>\n<p>Andrea R\u00fchle, Happylounge Polstermanufaktur R\u00fchle, Von-Thierbach-Stra\u00dfe 30, 74196 Neuenstadt, Deutschland, <a href=\"mailto:info@happylounge.camp\">info@happylounge.camp<\/a>, 07139 9306918<\/p>\n<h3>Hosting<\/h3>\n<h4>All-inkl.com<\/h4>\n<p><p>Wir hosten unsere Website bei unserem Auftragsverarbeiter <a target=\"_blank\" href=\"https:\/\/all-inkl.com\/\">All-inkl.com<\/a>, ALL-INKL.COM - Neue Medien M\u00fcnnich, Ren\u00e9 M\u00fcnnich, Hauptstra\u00dfe 68, 02742 Friedersdorf, Deutschland.<\/p>\n<p>Zum Zweck der Bereitstellung und der Auslieferung der Website werden Verbindungsdaten verarbeitet. Zum blo\u00dfen Zweck der Auslieferung und Bereitstellung der Website werden die Daten \u00fcber den Aufruf hinaus nicht gespeichert.<\/p>\n<p>Die Rechtsgrundlage f\u00fcr die Datenverarbeitung ist das berechtigte Interesse (unbedingte technische Notwendigkeit zur Bereitstellung und Auslieferung des von Ihnen durch Ihren Aufruf ausdr\u00fccklich gew\u00fcnschten Dienstes &#8220;Website&#8221;) gem\u00e4\u00df Art. 6 Abs. 1 lit. f DSGVO.<\/p>\n<p>Zum Betrieb der Website werden die Verbindungsdaten und weitere personenbezogenen Daten zus\u00e4tzlich im Rahmen diverser anderer Funktionen bzw. Dienste verarbeitet. Dar\u00fcber wird im Rahmen dieser Datenschutzerkl\u00e4rung bei den einzelnen Funktionen bzw. Diensten im Detail informiert.<\/p>\n<\/p>\n<h3>Server Log Files<\/h3>\n<p><span><\/p>\n<p>Zum Zweck der \u00dcberwachung der technischen Funktion und zur Erh\u00f6hung der Betriebssicherheit unseres Webhosts werden Verbindungsdaten verarbeitet. Die Dauer der Verarbeitung ist auf 7 Tage beschr\u00e4nkt.<\/p>\n<p>Die Rechtsgrundlage f\u00fcr die Datenverarbeitung ist das berechtigte Interesse (unbedingte technische Notwendigkeit eines Server Log Files als grundlegende Datenbasis zur Fehleranalyse und f\u00fcr Sicherheitsma\u00dfnahmen im Rahmen des durch Ihren Aufruf ausdr\u00fccklich gew\u00fcnschten Dienstes &#8220;Website&#8221;) gem\u00e4\u00df Art. 6 Abs. 1 lit. f DSGVO.<\/p>\n<p><\/span><\/p>\n<h3>Contact Form<\/h3>\n<p><p>Auf unserer Website besteht die M\u00f6glichkeit, durch ein Kontaktformular direkt mit uns in Kontakt zu treten. Nach Absenden des Kontaktformulars erfolgt eine Verarbeitung der von Ihnen eingegebenen personenbezogenen Daten durch den Verantwortlichen zum Zweck der Bearbeitung Ihrer Anfrage auf Grundlage der von Ihnen durch das Absenden des Formulars erteilten Einwilligung gem. Art. 6 Abs. 1 lit. a DSGVO bis auf Widerruf.<br \/>Es besteht keine gesetzliche oder vertragliche Verpflichtung zur Bereitstellung der personenbezogenen Daten. Die Nichtbereitstellung hat lediglich zur Folge, dass Sie Ihr Anliegen nicht \u00fcbermitteln und wir dieses nicht bearbeiten k\u00f6nnen.<\/p>\n<\/p>\n<h3>Security Services<\/h3>\n<p><p>Auf dieser Website nutzen wir zur Vermeidung von nicht menschlichen und automatisierten Eingaben das Angebot von Sicherheitsdienstleistern wie Captcha-Diensten.<\/p>\n<\/p>\n<h3>Web Shop<\/h3>\n<p><p>Wir bieten Ihnen die M\u00f6glichkeit, Produkte direkt \u00fcber unseren Webshop zu erwerben. Im Rahmen des Webshops erfolgt eine Verarbeitung der von Ihnen eingegebenen Daten sowie Daten zu von Ihnen ausgew\u00e4hlten Produkten durch den Verantwortlichen zur Durchf\u00fchrung der Angebotslegung, des Vertragsabschlusses, der Vertragserf\u00fcllung sowie zur Erf\u00fcllung eventueller nachvertraglicher Verpflichtungen vor Vertragsabschluss auf Grundlage des von Ihnen initiierten vorvertraglichen Verh\u00e4ltnisses und nach Vertragsabschluss aufgrund des Vertrages gem. Art. 6 Abs. 1 lit. b DSGVO.<\/p>\n<p>Sofern der Kauf unserer Produkte \u00fcber einen bereits bestehenden Kunden-Account erfolgt ist oder ein Kunden-Account zur Abwicklung des Kaufs erstellt wurde, erfolgt die Verarbeitung Ihrer personenbezogenen Daten bis zur L\u00f6schung Ihres Kunden-Accounts.<\/p>\n<p>Bei Kunden, welche unsere Produkte \u00fcber ein Gast-Profil erworben haben, erfolgt die Verarbeitung Ihrer personenbezogenen Daten bis zum Ablauf der gesetzlichen Aufbewahrungspflichten.<\/p>\n<p> Es erfolgt eine mit dem Zweck der Vertragserf\u00fcllung zu vereinbarende Weiterverarbeitung Ihrer Daten zum Zweck des Direktmarketings in nicht einwilligungspflichtigen Formen wie dem adressierten postalischen Versand von Werbung bis auf Widerspruch.<\/p>\n<p>Es besteht keine gesetzliche oder vertragliche Verpflichtung zur Bereitstellung der personenbezogenen Daten. Die Bereitstellung ist jedoch zum Vertragsabschluss erforderlich. Die Nichtbereitstellung hat zur Folge, dass kein Vertragsabschluss erfolgen kann.<\/p>\n<p>Warenk\u00f6rbe von nicht registrierten Benutzern werden nach l\u00e4ngstens 14 Tagen gel\u00f6scht. Die Benutzerkonten registrierter Benutzer bleiben bis zur L\u00f6schung des Kontos durch den Benutzer bestehen. Vertragsdaten werden bis zur Verj\u00e4hrung m\u00f6glicher nachvertraglicher Verpflichtungen verarbeitet. <\/p>\n<\/p>\n<h3>Right to object<\/h3>\n<p><p>Sofern die Verarbeitung Ihrer personenbezogenen Daten auf Grundlage des berechtigten Interesses erfolgt, haben Sie das Recht gegen diese Verarbeitung zu widersprechen.<\/p>\n<p>Sofern keine zwingenden schutzw\u00fcrdigen Gr\u00fcnde f\u00fcr die Verarbeitung unsererseits vorliegen, wird die Verarbeitung Ihrer Daten auf Basis dieser Rechtsgrundlage eingestellt.<\/p>\n<p>Zudem haben Sie das Recht, der Verarbeitung Ihrer personenbezogenen Daten zum Zweck der Direktwerbung zu widersprechen. Im Fall des Widerspruchs werden Ihre personenbezogenen Daten nicht mehr zum Zweck der Direktwerbung verarbeitet.<\/p>\n<p>Die Rechtm\u00e4\u00dfigkeit der bis zum Widerspruch verarbeiteten Daten wird durch den Widerspruch nicht ber\u00fchrt.<\/p>\n<\/p>\n<h3>Withdrawal<\/h3>\n<p><p>Sie haben das Recht eine bereits erteilte Einwilligung jederzeit zu widerrufen, indem Sie die <a target=\"_blank\" class=\"lwb-ppsp\" href=\"#\" title=\"Datenschutzeinstellungen\">Datenschutzeinstellungen<\/a> \u00e4ndern.<\/p>\n<p>Im Fall der Einwilligung in den Erhalt elektronischer Werbung kann der Widerruf Ihrer Einwilligung durch Klick auf den Abmeldelink erfolgen. In diesem Fall wird eine Verarbeitung, sofern keine andere Rechtsgrundlage besteht, eingestellt.<\/p>\n<p>Die Rechtm\u00e4\u00dfigkeit der bis zum Widerruf verarbeiteten Daten wird durch den Widerruf nicht ber\u00fchrt.<\/p>\n<\/p>\n<h3>Right to data subject<\/h3>\n<p><p>Sie haben zudem das Recht auf Auskunft, Berichtigung, L\u00f6schung und Einschr\u00e4nkung der Verarbeitung der personenbezogenen Daten.<\/p>\n<p>Soweit die Rechtsgrundlage der Verarbeitung Ihrer personenbezogenen Daten in Ihrer Einwilligung oder in einem mit Ihnen abgeschlossenen Vertrag besteht, haben Sie \u00fcberdies das Recht auf Daten\u00fcbertragbarkeit. <\/p>\n<p>Weiters haben Sie das Recht auf Beschwerde bei der Aufsichtsbeh\u00f6rde. N\u00e4here Informationen zu den Aufsichtsbeh\u00f6rden in der Europ\u00e4ischen Union finden Sie <a target=\"_blank\" href=\"https:\/\/ec.europa.eu\/justice\/article-29\/structure\/data-protection-authorities\/index_en.htm\" title=\"Datenschutzbeh\u00f6rden\">hier<\/a>.<\/p><\/p>\n<\/p>\n","protected":false},"author":1,"featured_media":0,"parent":0,"menu_order":0,"comment_status":"closed","ping_status":"closed","template":"","meta":{"_et_pb_use_builder":"on","_et_pb_old_content":"","_et_gb_content_width":"","footnotes":""},"class_list":["post-7359","page","type-page","status-publish","hentry"],"yoast_head":"<!-- This site is optimized with the Yoast SEO plugin v27.0 - https:\/\/yoast.com\/product\/yoast-seo-wordpress\/ -->\n<title>Aftryk og privatlivspolitik - happylounge.camp<\/title>\n<meta name=\"robots\" content=\"index, follow, max-snippet:-1, max-image-preview:large, max-video-preview:-1\" \/>\n<link rel=\"canonical\" href=\"https:\/\/happylounge.camp\/da\/aftryk-og-privatlivspolitik\/\" \/>\n<meta property=\"og:locale\" content=\"da_DK\" \/>\n<meta property=\"og:type\" content=\"article\" \/>\n<meta property=\"og:title\" content=\"Aftryk og privatlivspolitik - happylounge.camp\" \/>\n<meta property=\"og:description\" content=\"P\u00e5tryk Medlem af Heilbronn-Frankens H\u00e5ndv\u00e6rkskammer | Heilbronn-Frankens Industri- og Handelskammer &nbsp; &nbsp; &nbsp; Webdesign: om marketing &nbsp; Billedkreditter \/ stockfotos:\" \/>\n<meta property=\"og:url\" content=\"https:\/\/happylounge.camp\/da\/aftryk-og-privatlivspolitik\/\" \/>\n<meta property=\"og:site_name\" content=\"happylounge.camp\" \/>\n<meta property=\"article:modified_time\" content=\"2025-12-19T17:18:07+00:00\" \/>\n<meta name=\"twitter:card\" content=\"summary_large_image\" \/>\n<meta name=\"twitter:label1\" content=\"Estimeret l\u00e6setid\" \/>\n\t<meta name=\"twitter:data1\" content=\"1 minut\" \/>\n<script type=\"application\/ld+json\" class=\"yoast-schema-graph\">{\"@context\":\"https:\/\/schema.org\",\"@graph\":[{\"@type\":\"WebPage\",\"@id\":\"https:\/\/happylounge.camp\/da\/aftryk-og-privatlivspolitik\/\",\"url\":\"https:\/\/happylounge.camp\/da\/aftryk-og-privatlivspolitik\/\",\"name\":\"Aftryk og privatlivspolitik - happylounge.camp\",\"isPartOf\":{\"@id\":\"https:\/\/happylounge.camp\/da\/#website\"},\"datePublished\":\"2022-08-20T18:08:32+00:00\",\"dateModified\":\"2025-12-19T17:18:07+00:00\",\"breadcrumb\":{\"@id\":\"https:\/\/happylounge.camp\/da\/aftryk-og-privatlivspolitik\/#breadcrumb\"},\"inLanguage\":\"da-DK\",\"potentialAction\":[{\"@type\":\"ReadAction\",\"target\":[\"https:\/\/happylounge.camp\/da\/aftryk-og-privatlivspolitik\/\"]}]},{\"@type\":\"BreadcrumbList\",\"@id\":\"https:\/\/happylounge.camp\/da\/aftryk-og-privatlivspolitik\/#breadcrumb\",\"itemListElement\":[{\"@type\":\"ListItem\",\"position\":1,\"name\":\"Startseite\",\"item\":\"https:\/\/happylounge.camp\/da\/hjem\/\"},{\"@type\":\"ListItem\",\"position\":2,\"name\":\"Aftryk og privatlivspolitik\"}]},{\"@type\":\"WebSite\",\"@id\":\"https:\/\/happylounge.camp\/da\/#website\",\"url\":\"https:\/\/happylounge.camp\/da\/\",\"name\":\"happylounge.camp\",\"description\":\"HappyLounge | Das Cockpit Sofabett - Mehr Komfort und Ambiente im Wohnmobil || Mobil, leicht und kompakt sowie einfach zu verstauen\",\"publisher\":{\"@id\":\"https:\/\/happylounge.camp\/da\/#organization\"},\"potentialAction\":[{\"@type\":\"SearchAction\",\"target\":{\"@type\":\"EntryPoint\",\"urlTemplate\":\"https:\/\/happylounge.camp\/da\/?s={search_term_string}\"},\"query-input\":{\"@type\":\"PropertyValueSpecification\",\"valueRequired\":true,\"valueName\":\"search_term_string\"}}],\"inLanguage\":\"da-DK\"},{\"@type\":\"Organization\",\"@id\":\"https:\/\/happylounge.camp\/da\/#organization\",\"name\":\"HappyLounge Polstermanufaktur R\u00fchle\",\"url\":\"https:\/\/happylounge.camp\/da\/\",\"logo\":{\"@type\":\"ImageObject\",\"inLanguage\":\"da-DK\",\"@id\":\"https:\/\/happylounge.camp\/da\/#\/schema\/logo\/image\/\",\"url\":\"https:\/\/happylounge.camp\/wp-content\/uploads\/2022\/08\/HappyLounge-Logo-transparent_AR.png\",\"contentUrl\":\"https:\/\/happylounge.camp\/wp-content\/uploads\/2022\/08\/HappyLounge-Logo-transparent_AR.png\",\"width\":3188,\"height\":1914,\"caption\":\"HappyLounge Polstermanufaktur R\u00fchle\"},\"image\":{\"@id\":\"https:\/\/happylounge.camp\/da\/#\/schema\/logo\/image\/\"}}]}<\/script>\n<!-- \/ Yoast SEO plugin. -->","yoast_head_json":{"title":"Aftryk og privatlivspolitik - happylounge.camp","robots":{"index":"index","follow":"follow","max-snippet":"max-snippet:-1","max-image-preview":"max-image-preview:large","max-video-preview":"max-video-preview:-1"},"canonical":"https:\/\/happylounge.camp\/da\/aftryk-og-privatlivspolitik\/","og_locale":"da_DK","og_type":"article","og_title":"Aftryk og privatlivspolitik - happylounge.camp","og_description":"P\u00e5tryk Medlem af Heilbronn-Frankens H\u00e5ndv\u00e6rkskammer | Heilbronn-Frankens Industri- og Handelskammer &nbsp; &nbsp; &nbsp; Webdesign: om marketing &nbsp; Billedkreditter \/ stockfotos:","og_url":"https:\/\/happylounge.camp\/da\/aftryk-og-privatlivspolitik\/","og_site_name":"happylounge.camp","article_modified_time":"2025-12-19T17:18:07+00:00","twitter_card":"summary_large_image","twitter_misc":{"Estimeret l\u00e6setid":"1 minut"},"schema":{"@context":"https:\/\/schema.org","@graph":[{"@type":"WebPage","@id":"https:\/\/happylounge.camp\/da\/aftryk-og-privatlivspolitik\/","url":"https:\/\/happylounge.camp\/da\/aftryk-og-privatlivspolitik\/","name":"Aftryk og privatlivspolitik - happylounge.camp","isPartOf":{"@id":"https:\/\/happylounge.camp\/da\/#website"},"datePublished":"2022-08-20T18:08:32+00:00","dateModified":"2025-12-19T17:18:07+00:00","breadcrumb":{"@id":"https:\/\/happylounge.camp\/da\/aftryk-og-privatlivspolitik\/#breadcrumb"},"inLanguage":"da-DK","potentialAction":[{"@type":"ReadAction","target":["https:\/\/happylounge.camp\/da\/aftryk-og-privatlivspolitik\/"]}]},{"@type":"BreadcrumbList","@id":"https:\/\/happylounge.camp\/da\/aftryk-og-privatlivspolitik\/#breadcrumb","itemListElement":[{"@type":"ListItem","position":1,"name":"Startseite","item":"https:\/\/happylounge.camp\/da\/hjem\/"},{"@type":"ListItem","position":2,"name":"Aftryk og privatlivspolitik"}]},{"@type":"WebSite","@id":"https:\/\/happylounge.camp\/da\/#website","url":"https:\/\/happylounge.camp\/da\/","name":"happylounge.camp","description":"HappyLounge | Das Cockpit Sofabett - Mehr Komfort und Ambiente im Wohnmobil || Mobil, leicht und kompakt sowie einfach zu verstauen","publisher":{"@id":"https:\/\/happylounge.camp\/da\/#organization"},"potentialAction":[{"@type":"SearchAction","target":{"@type":"EntryPoint","urlTemplate":"https:\/\/happylounge.camp\/da\/?s={search_term_string}"},"query-input":{"@type":"PropertyValueSpecification","valueRequired":true,"valueName":"search_term_string"}}],"inLanguage":"da-DK"},{"@type":"Organization","@id":"https:\/\/happylounge.camp\/da\/#organization","name":"HappyLounge Polstermanufaktur R\u00fchle","url":"https:\/\/happylounge.camp\/da\/","logo":{"@type":"ImageObject","inLanguage":"da-DK","@id":"https:\/\/happylounge.camp\/da\/#\/schema\/logo\/image\/","url":"https:\/\/happylounge.camp\/wp-content\/uploads\/2022\/08\/HappyLounge-Logo-transparent_AR.png","contentUrl":"https:\/\/happylounge.camp\/wp-content\/uploads\/2022\/08\/HappyLounge-Logo-transparent_AR.png","width":3188,"height":1914,"caption":"HappyLounge Polstermanufaktur R\u00fchle"},"image":{"@id":"https:\/\/happylounge.camp\/da\/#\/schema\/logo\/image\/"}}]}},"_links":{"self":[{"href":"https:\/\/happylounge.camp\/da\/wp-json\/wp\/v2\/pages\/7359","targetHints":{"allow":["GET"]}}],"collection":[{"href":"https:\/\/happylounge.camp\/da\/wp-json\/wp\/v2\/pages"}],"about":[{"href":"https:\/\/happylounge.camp\/da\/wp-json\/wp\/v2\/types\/page"}],"author":[{"embeddable":true,"href":"https:\/\/happylounge.camp\/da\/wp-json\/wp\/v2\/users\/1"}],"replies":[{"embeddable":true,"href":"https:\/\/happylounge.camp\/da\/wp-json\/wp\/v2\/comments?post=7359"}],"version-history":[{"count":0,"href":"https:\/\/happylounge.camp\/da\/wp-json\/wp\/v2\/pages\/7359\/revisions"}],"wp:attachment":[{"href":"https:\/\/happylounge.camp\/da\/wp-json\/wp\/v2\/media?parent=7359"}],"curies":[{"name":"wp","href":"https:\/\/api.w.org\/{rel}","templated":true}]}}