{"id":7327,"date":"2025-01-14T15:18:51","date_gmt":"2025-01-14T14:18:51","guid":{"rendered":"https:\/\/happylounge.camp\/katalog\/"},"modified":"2025-10-18T20:15:58","modified_gmt":"2025-10-18T18:15:58","slug":"katalog","status":"publish","type":"page","link":"https:\/\/happylounge.camp\/da\/katalog\/","title":{"rendered":"Katalog"},"content":{"rendered":"<p>[et_pb_section fb_built=&#8221;1&#8243; custom_padding_last_edited=&#8221;on|desktop&#8221; module_id=&#8221;begivenheder&#8221; _builder_version=&#8221;4.18.0&#8243; background_enable_color=&#8221;off&#8221; custom_padding=&#8221;||||false|false&#8221; custom_padding_tablet=&#8221;|||10vw|false|false&#8221; custom_padding_phone=&#8221;|||10vw|false|false&#8221; global_colors_info=&#8221;{}&#8221;][et_pb_row _builder_version=&#8221;4.24.0&#8243; _module_preset=&#8221;default&#8221; width=&#8221;100%&#8221; max_width=&#8221;2560px&#8221; global_colors_info=&#8221;{}&#8221;][et_pb_column type=&#8221;4_4&#8243; _builder_version=&#8221;4.24.0&#8243; _module_preset=&#8221;default&#8221; global_colors_info=&#8221;{}&#8221;][et_pb_code _builder_version=&#8221;4.24.0&#8243; _module_preset=&#8221;default&#8221; global_colors_info=&#8221;{}&#8221;]<iframe loading=\"lazy\" src=\"https:\/\/publish.flyeralarm.digital\/happylounge-katalog-3\/\" title=\"HappyLounge-katalog\" width=\"100%\" height=\"600\" style=\"border:none;\" allowfullscreen=\"allowfullscreen\"><\/iframe>[\/et_pb_code][\/et_pb_column][\/et_pb_row][et_pb_row _builder_version=&#8221;4.24.0&#8243; _module_preset=&#8221;default&#8221; global_colors_info=&#8221;{}&#8221;][et_pb_column type=&#8221;4_4&#8243; _builder_version=&#8221;4.24.0&#8243; _module_preset=&#8221;default&#8221; global_colors_info=&#8221;{}&#8221;][et_pb_text _builder_version=&#8221;4.24.0&#8243; text_font=&#8221;||||||||&#8221; text_line_height=&#8221;2em&#8221; text_orientation=&#8221;center&#8221; module_alignment=&#8221;left&#8221; custom_margin=&#8221;||10px||false|false&#8221; custom_margin_tablet=&#8221;||||false|false&#8221; custom_margin_phone=&#8221;||||false|false&#8221; custom_margin_last_edited=&#8221;on|tablet&#8221; custom_padding=&#8221;|100px|5px||false|false&#8221; custom_padding_tablet=&#8221;|5px|||false|false&#8221; custom_padding_phone=&#8221;|5px|||false|false&#8221; custom_padding_last_edited=&#8221;on|phone&#8221; hover_enabled=&#8221;0&#8243; locked=&#8221;off&#8221; global_colors_info=&#8221;{}&#8221; sticky_enabled=&#8221;0&#8243;]<\/p>\n<p style=\"text-align: center;\"><strong> <a href=\"https:\/\/publish.flyeralarm.digital\/happylounge-katalog-3\" target=\"_blank\" rel=\"noopener\">Klik her, hvis aktiveringen af fuldsk\u00e6rmstilstand ikke virker  &gt;&gt;<\/a><br \/><\/strong><\/p>\n<p>[\/et_pb_text][et_pb_text _builder_version=&#8221;4.24.0&#8243; text_font=&#8221;||||||||&#8221; text_line_height=&#8221;2em&#8221; text_orientation=&#8221;center&#8221; module_alignment=&#8221;left&#8221; custom_margin=&#8221;||10px||false|false&#8221; custom_margin_tablet=&#8221;||||false|false&#8221; custom_margin_phone=&#8221;||||false|false&#8221; custom_margin_last_edited=&#8221;on|tablet&#8221; custom_padding=&#8221;|100px|5px||false|false&#8221; custom_padding_tablet=&#8221;|5px|||false|false&#8221; custom_padding_phone=&#8221;|5px|||false|false&#8221; custom_padding_last_edited=&#8221;on|phone&#8221; hover_enabled=&#8221;0&#8243; locked=&#8221;off&#8221; global_colors_info=&#8221;{}&#8221; sticky_enabled=&#8221;0&#8243;]<\/p>\n<p style=\"text-align: center;\"><strong><a href=\"https:\/\/happylounge.camp\/wp-content\/uploads\/2025\/08\/HappyLounge_Katalog_08-2025.pdf\" target=\"_blank\" rel=\"noopener\">Katalog som PDF-fil: Alternativt kan du downloade kataloget som en PDF-fil her  &gt;&gt;<\/a><br \/><\/strong><\/p>\n<p>[\/et_pb_text][\/et_pb_column][\/et_pb_row][\/et_pb_section][et_pb_section fb_built=&#8221;1&#8243; _builder_version=&#8221;4.24.0&#8243; _module_preset=&#8221;default&#8221; global_colors_info=&#8221;{}&#8221;][et_pb_row _builder_version=&#8221;4.24.0&#8243; _module_preset=&#8221;default&#8221; global_colors_info=&#8221;{}&#8221;][et_pb_column type=&#8221;4_4&#8243; _builder_version=&#8221;4.24.0&#8243; _module_preset=&#8221;default&#8221; global_colors_info=&#8221;{}&#8221;][et_pb_text _builder_version=&#8221;4.24.0&#8243; text_font=&#8221;||||||||&#8221; text_line_height=&#8221;2em&#8221; module_alignment=&#8221;left&#8221; custom_margin=&#8221;||10px||false|false&#8221; custom_margin_tablet=&#8221;||||false|false&#8221; custom_margin_phone=&#8221;||||false|false&#8221; custom_margin_last_edited=&#8221;on|tablet&#8221; custom_padding=&#8221;|100px|5px||false|false&#8221; custom_padding_tablet=&#8221;|5px|||false|false&#8221; custom_padding_phone=&#8221;|5px|||false|false&#8221; custom_padding_last_edited=&#8221;on|phone&#8221; locked=&#8221;off&#8221; global_colors_info=&#8221;{}&#8221;]<\/p>\n<p><strong><a href=\"https:\/\/happylounge.camp\/medien-und-pressestimmen\/\" target=\"_blank\" rel=\"noopener\">Hold dig opdateret og l\u00e6s nyheder og medieindl\u00e6g om vores unikke opfindelse, HappyLounge | Link til presseside  &gt;&gt;<\/a><br \/><\/strong><\/p>\n<p>Mere komfort og atmosf\u00e6re i autocampere, camper vans, camper vehicles, motorhomes, motorhomes, vans, med drejes\u00e6de, pilots\u00e6de, k\u00f8ret\u00f8jss\u00e6de, kabines\u00e6de, f\u00f8rers\u00e6de, passagers\u00e6de med den patenterede, verdens f\u00f8rste og unikke kabineseng - sofa<\/p>\n<p>Ogs\u00e5 kendt som ekstra seng, sofa, k\u00f8ret\u00f8jsseng, foldeseng til k\u00f8ret\u00f8jer, cockpitseng, afslapningssovesofa, sofab\u00e6nk, b\u00f8rneseng, kabineseng, k\u00f8jeseng, kabineseng, sovesofa, sovesofa, sengeudvidelse, sengeudvidelse, liftsengudvidelse, liftsengudvidelse, hyggelig lounge, hyggelig sofa, b\u00e6nkes\u00e6de, liggende b\u00e6nk, sofa, sofahj\u00f8rne, hvileseng, hvilestol, hvilesofa, foldeseng, foldeseng, foldemadras, campermadras, madras, sengeudvidelse, s\u00e6depude, s\u00e6depude, pude til camper, camperpude, camper sofa, camper lounge, caravan sofa, caravan relax sofa, caravan lounge - Handmade - Handicraft MADE IN GERMANY!<\/p>\n<p>[\/et_pb_text][\/et_pb_column][\/et_pb_row][\/et_pb_section]<\/p>\n","protected":false},"excerpt":{"rendered":"<p>Sovesofaen i cockpittet forvandler fors\u00e6derne til dit yndlingssted p\u00e5 ferien, og dinetten\/liftsengen til en XXL-soveplads. Let, kompakt og nem at stuve v\u00e6k <\/p>\n","protected":false},"author":1,"featured_media":7328,"parent":0,"menu_order":0,"comment_status":"closed","ping_status":"closed","template":"","meta":{"_et_pb_use_builder":"on","_et_pb_old_content":"","_et_gb_content_width":"","footnotes":""},"class_list":["post-7327","page","type-page","status-publish","has-post-thumbnail","hentry"],"yoast_head":"<!-- This site is optimized with the Yoast SEO plugin v27.0 - https:\/\/yoast.com\/product\/yoast-seo-wordpress\/ -->\n<title>HappyLounge | Katalog<\/title>\n<meta name=\"description\" content=\"Sovesofaen i cockpittet forvandler fors\u00e6derne til dit yndlingssted p\u00e5 ferien, og dinetten\/liftsengen til en XXL-soveplads. Let, kompakt og nem at stuve v\u00e6k\" \/>\n<meta name=\"robots\" content=\"index, follow, max-snippet:-1, max-image-preview:large, max-video-preview:-1\" \/>\n<link rel=\"canonical\" href=\"https:\/\/happylounge.camp\/da\/katalog\/\" \/>\n<meta property=\"og:locale\" content=\"da_DK\" \/>\n<meta property=\"og:type\" content=\"article\" \/>\n<meta property=\"og:title\" content=\"HappyLounge | Katalog\" \/>\n<meta property=\"og:description\" content=\"Sovesofaen i cockpittet forvandler fors\u00e6derne til dit yndlingssted p\u00e5 ferien, og dinetten\/liftsengen til en XXL-soveplads. Let, kompakt og nem at stuve v\u00e6k\" \/>\n<meta property=\"og:url\" content=\"https:\/\/happylounge.camp\/da\/katalog\/\" \/>\n<meta property=\"og:site_name\" content=\"happylounge.camp\" \/>\n<meta property=\"article:modified_time\" content=\"2025-10-18T18:15:58+00:00\" \/>\n<meta property=\"og:image\" content=\"https:\/\/happylounge.camp\/wp-content\/uploads\/2025\/01\/HappyLounge-Katalog_Vorschaubild_.jpg\" \/>\n\t<meta property=\"og:image:width\" content=\"500\" \/>\n\t<meta property=\"og:image:height\" content=\"433\" \/>\n\t<meta property=\"og:image:type\" content=\"image\/jpeg\" \/>\n<meta name=\"twitter:card\" content=\"summary_large_image\" \/>\n<meta name=\"twitter:label1\" content=\"Estimeret l\u00e6setid\" \/>\n\t<meta name=\"twitter:data1\" content=\"3 minutter\" \/>\n<script type=\"application\/ld+json\" class=\"yoast-schema-graph\">{\"@context\":\"https:\/\/schema.org\",\"@graph\":[{\"@type\":\"WebPage\",\"@id\":\"https:\/\/happylounge.camp\/da\/katalog\/\",\"url\":\"https:\/\/happylounge.camp\/da\/katalog\/\",\"name\":\"HappyLounge | Katalog\",\"isPartOf\":{\"@id\":\"https:\/\/happylounge.camp\/da\/#website\"},\"primaryImageOfPage\":{\"@id\":\"https:\/\/happylounge.camp\/da\/katalog\/#primaryimage\"},\"image\":{\"@id\":\"https:\/\/happylounge.camp\/da\/katalog\/#primaryimage\"},\"thumbnailUrl\":\"https:\/\/happylounge.camp\/wp-content\/uploads\/2025\/01\/HappyLounge-Katalog_Vorschaubild_.jpg\",\"datePublished\":\"2025-01-14T14:18:51+00:00\",\"dateModified\":\"2025-10-18T18:15:58+00:00\",\"description\":\"Sovesofaen i cockpittet forvandler fors\u00e6derne til dit yndlingssted p\u00e5 ferien, og dinetten\/liftsengen til en XXL-soveplads. Let, kompakt og nem at stuve v\u00e6k\",\"breadcrumb\":{\"@id\":\"https:\/\/happylounge.camp\/da\/katalog\/#breadcrumb\"},\"inLanguage\":\"da-DK\",\"potentialAction\":[{\"@type\":\"ReadAction\",\"target\":[\"https:\/\/happylounge.camp\/da\/katalog\/\"]}]},{\"@type\":\"ImageObject\",\"inLanguage\":\"da-DK\",\"@id\":\"https:\/\/happylounge.camp\/da\/katalog\/#primaryimage\",\"url\":\"https:\/\/happylounge.camp\/wp-content\/uploads\/2025\/01\/HappyLounge-Katalog_Vorschaubild_.jpg\",\"contentUrl\":\"https:\/\/happylounge.camp\/wp-content\/uploads\/2025\/01\/HappyLounge-Katalog_Vorschaubild_.jpg\",\"width\":500,\"height\":433,\"caption\":\"HappyLounge-katalog_Preview_Billede_.\"},{\"@type\":\"BreadcrumbList\",\"@id\":\"https:\/\/happylounge.camp\/da\/katalog\/#breadcrumb\",\"itemListElement\":[{\"@type\":\"ListItem\",\"position\":1,\"name\":\"Startseite\",\"item\":\"https:\/\/happylounge.camp\/da\/hjem\/\"},{\"@type\":\"ListItem\",\"position\":2,\"name\":\"Katalog\"}]},{\"@type\":\"WebSite\",\"@id\":\"https:\/\/happylounge.camp\/da\/#website\",\"url\":\"https:\/\/happylounge.camp\/da\/\",\"name\":\"happylounge.camp\",\"description\":\"HappyLounge | Das Cockpit Sofabett - Mehr Komfort und Ambiente im Wohnmobil || Mobil, leicht und kompakt sowie einfach zu verstauen\",\"publisher\":{\"@id\":\"https:\/\/happylounge.camp\/da\/#organization\"},\"potentialAction\":[{\"@type\":\"SearchAction\",\"target\":{\"@type\":\"EntryPoint\",\"urlTemplate\":\"https:\/\/happylounge.camp\/da\/?s={search_term_string}\"},\"query-input\":{\"@type\":\"PropertyValueSpecification\",\"valueRequired\":true,\"valueName\":\"search_term_string\"}}],\"inLanguage\":\"da-DK\"},{\"@type\":\"Organization\",\"@id\":\"https:\/\/happylounge.camp\/da\/#organization\",\"name\":\"HappyLounge Polstermanufaktur R\u00fchle\",\"url\":\"https:\/\/happylounge.camp\/da\/\",\"logo\":{\"@type\":\"ImageObject\",\"inLanguage\":\"da-DK\",\"@id\":\"https:\/\/happylounge.camp\/da\/#\/schema\/logo\/image\/\",\"url\":\"https:\/\/happylounge.camp\/wp-content\/uploads\/2022\/08\/HappyLounge-Logo-transparent_AR.png\",\"contentUrl\":\"https:\/\/happylounge.camp\/wp-content\/uploads\/2022\/08\/HappyLounge-Logo-transparent_AR.png\",\"width\":3188,\"height\":1914,\"caption\":\"HappyLounge Polstermanufaktur R\u00fchle\"},\"image\":{\"@id\":\"https:\/\/happylounge.camp\/da\/#\/schema\/logo\/image\/\"}}]}<\/script>\n<!-- \/ Yoast SEO plugin. -->","yoast_head_json":{"title":"HappyLounge | Katalog","description":"Sovesofaen i cockpittet forvandler fors\u00e6derne til dit yndlingssted p\u00e5 ferien, og dinetten\/liftsengen til en XXL-soveplads. Let, kompakt og nem at stuve v\u00e6k","robots":{"index":"index","follow":"follow","max-snippet":"max-snippet:-1","max-image-preview":"max-image-preview:large","max-video-preview":"max-video-preview:-1"},"canonical":"https:\/\/happylounge.camp\/da\/katalog\/","og_locale":"da_DK","og_type":"article","og_title":"HappyLounge | Katalog","og_description":"Sovesofaen i cockpittet forvandler fors\u00e6derne til dit yndlingssted p\u00e5 ferien, og dinetten\/liftsengen til en XXL-soveplads. Let, kompakt og nem at stuve v\u00e6k","og_url":"https:\/\/happylounge.camp\/da\/katalog\/","og_site_name":"happylounge.camp","article_modified_time":"2025-10-18T18:15:58+00:00","og_image":[{"width":500,"height":433,"url":"https:\/\/happylounge.camp\/wp-content\/uploads\/2025\/01\/HappyLounge-Katalog_Vorschaubild_.jpg","type":"image\/jpeg"}],"twitter_card":"summary_large_image","twitter_misc":{"Estimeret l\u00e6setid":"3 minutter"},"schema":{"@context":"https:\/\/schema.org","@graph":[{"@type":"WebPage","@id":"https:\/\/happylounge.camp\/da\/katalog\/","url":"https:\/\/happylounge.camp\/da\/katalog\/","name":"HappyLounge | Katalog","isPartOf":{"@id":"https:\/\/happylounge.camp\/da\/#website"},"primaryImageOfPage":{"@id":"https:\/\/happylounge.camp\/da\/katalog\/#primaryimage"},"image":{"@id":"https:\/\/happylounge.camp\/da\/katalog\/#primaryimage"},"thumbnailUrl":"https:\/\/happylounge.camp\/wp-content\/uploads\/2025\/01\/HappyLounge-Katalog_Vorschaubild_.jpg","datePublished":"2025-01-14T14:18:51+00:00","dateModified":"2025-10-18T18:15:58+00:00","description":"Sovesofaen i cockpittet forvandler fors\u00e6derne til dit yndlingssted p\u00e5 ferien, og dinetten\/liftsengen til en XXL-soveplads. Let, kompakt og nem at stuve v\u00e6k","breadcrumb":{"@id":"https:\/\/happylounge.camp\/da\/katalog\/#breadcrumb"},"inLanguage":"da-DK","potentialAction":[{"@type":"ReadAction","target":["https:\/\/happylounge.camp\/da\/katalog\/"]}]},{"@type":"ImageObject","inLanguage":"da-DK","@id":"https:\/\/happylounge.camp\/da\/katalog\/#primaryimage","url":"https:\/\/happylounge.camp\/wp-content\/uploads\/2025\/01\/HappyLounge-Katalog_Vorschaubild_.jpg","contentUrl":"https:\/\/happylounge.camp\/wp-content\/uploads\/2025\/01\/HappyLounge-Katalog_Vorschaubild_.jpg","width":500,"height":433,"caption":"HappyLounge-katalog_Preview_Billede_."},{"@type":"BreadcrumbList","@id":"https:\/\/happylounge.camp\/da\/katalog\/#breadcrumb","itemListElement":[{"@type":"ListItem","position":1,"name":"Startseite","item":"https:\/\/happylounge.camp\/da\/hjem\/"},{"@type":"ListItem","position":2,"name":"Katalog"}]},{"@type":"WebSite","@id":"https:\/\/happylounge.camp\/da\/#website","url":"https:\/\/happylounge.camp\/da\/","name":"happylounge.camp","description":"HappyLounge | Das Cockpit Sofabett - Mehr Komfort und Ambiente im Wohnmobil || Mobil, leicht und kompakt sowie einfach zu verstauen","publisher":{"@id":"https:\/\/happylounge.camp\/da\/#organization"},"potentialAction":[{"@type":"SearchAction","target":{"@type":"EntryPoint","urlTemplate":"https:\/\/happylounge.camp\/da\/?s={search_term_string}"},"query-input":{"@type":"PropertyValueSpecification","valueRequired":true,"valueName":"search_term_string"}}],"inLanguage":"da-DK"},{"@type":"Organization","@id":"https:\/\/happylounge.camp\/da\/#organization","name":"HappyLounge Polstermanufaktur R\u00fchle","url":"https:\/\/happylounge.camp\/da\/","logo":{"@type":"ImageObject","inLanguage":"da-DK","@id":"https:\/\/happylounge.camp\/da\/#\/schema\/logo\/image\/","url":"https:\/\/happylounge.camp\/wp-content\/uploads\/2022\/08\/HappyLounge-Logo-transparent_AR.png","contentUrl":"https:\/\/happylounge.camp\/wp-content\/uploads\/2022\/08\/HappyLounge-Logo-transparent_AR.png","width":3188,"height":1914,"caption":"HappyLounge Polstermanufaktur R\u00fchle"},"image":{"@id":"https:\/\/happylounge.camp\/da\/#\/schema\/logo\/image\/"}}]}},"_links":{"self":[{"href":"https:\/\/happylounge.camp\/da\/wp-json\/wp\/v2\/pages\/7327","targetHints":{"allow":["GET"]}}],"collection":[{"href":"https:\/\/happylounge.camp\/da\/wp-json\/wp\/v2\/pages"}],"about":[{"href":"https:\/\/happylounge.camp\/da\/wp-json\/wp\/v2\/types\/page"}],"author":[{"embeddable":true,"href":"https:\/\/happylounge.camp\/da\/wp-json\/wp\/v2\/users\/1"}],"replies":[{"embeddable":true,"href":"https:\/\/happylounge.camp\/da\/wp-json\/wp\/v2\/comments?post=7327"}],"version-history":[{"count":0,"href":"https:\/\/happylounge.camp\/da\/wp-json\/wp\/v2\/pages\/7327\/revisions"}],"wp:featuredmedia":[{"embeddable":true,"href":"https:\/\/happylounge.camp\/da\/wp-json\/wp\/v2\/media\/7328"}],"wp:attachment":[{"href":"https:\/\/happylounge.camp\/da\/wp-json\/wp\/v2\/media?parent=7327"}],"curies":[{"name":"wp","href":"https:\/\/api.w.org\/{rel}","templated":true}]}}