{"id":12132,"date":"2026-01-01T10:21:30","date_gmt":"2026-01-01T09:21:30","guid":{"rendered":"https:\/\/happylounge.camp\/?page_id=12132"},"modified":"2026-04-01T18:10:50","modified_gmt":"2026-04-01T16:10:50","slug":"billedgalleri-2","status":"publish","type":"page","link":"https:\/\/happylounge.camp\/da\/billedgalleri-2\/","title":{"rendered":"Advarsel om falske butikker"},"content":{"rendered":"<p>[et_pb_section fb_built=&#8221;1&#8243; _builder_version=&#8221;4.24.0&#8243; _module_preset=&#8221;default&#8221; global_colors_info=&#8221;{}&#8221;][et_pb_row _builder_version=&#8221;4.24.0&#8243; _module_preset=&#8221;default&#8221; custom_margin=&#8221;||||false|false&#8221; custom_margin_tablet=&#8221;||||false|false&#8221; custom_margin_phone=&#8221;-50px||||false|false&#8221; custom_margin_last_edited=&#8221;on|phone&#8221; global_colors_info=&#8221;{}&#8221;][et_pb_column type=&#8221;4_4&#8243; _builder_version=&#8221;4.24.0&#8243; _module_preset=&#8221;default&#8221; global_colors_info=&#8221;{}&#8221;][et_pb_text _builder_version=&#8221;4.27.5&#8243; _module_preset=&#8221;default&#8221; global_colors_info=&#8221;{}&#8221;]<\/p>\n<h1>Vi advarer mod falske butikker<\/h1>\n<p>[\/et_pb_text][\/et_pb_column][\/et_pb_row][et_pb_row _builder_version=&#8221;4.24.0&#8243; _module_preset=&#8221;default&#8221; custom_margin=&#8221;-50px||||false|false&#8221; global_colors_info=&#8221;{}&#8221;][et_pb_column type=&#8221;4_4&#8243; _builder_version=&#8221;4.24.0&#8243; _module_preset=&#8221;default&#8221; global_colors_info=&#8221;{}&#8221;][et_pb_text _builder_version=&#8221;4.27.5&#8243; _module_preset=&#8221;default&#8221; text_font=&#8221;Happy Lounge||||||||&#8221; text_text_color=&#8221;gcid-cab75eeb-aa4c-4a1b-a856-22af04406fdf&#8221; header_line_height=&#8221;1.8em&#8221; header_2_font=&#8221;Happy Lounge||||||||&#8221; header_2_text_align=&#8221;left&#8221; header_2_text_color=&#8221;#2FB9DF&#8221; header_2_line_height=&#8221;1.8em&#8221; animation_direction=&#8221;bottom&#8221; global_colors_info=&#8221;{%22gcid-cab75eeb-aa4c-4a1b-a856-22af04406fdf%22:%91%22text_text_color%22%93}&#8221;]<\/p>\n<h2><span style=\"font-family: Happy Lounge; font-weight: normal; font-size: 50px;\">K\u00e6re HappyLounge-kunder<\/span><\/h2>\n<p>[\/et_pb_text][\/et_pb_column][\/et_pb_row][et_pb_row _builder_version=&#8221;4.24.0&#8243; _module_preset=&#8221;default&#8221; custom_margin=&#8221;-100px||||false|false&#8221; global_colors_info=&#8221;{}&#8221;][et_pb_column type=&#8221;4_4&#8243; _builder_version=&#8221;4.24.0&#8243; _module_preset=&#8221;default&#8221; global_colors_info=&#8221;{}&#8221;][et_pb_text _builder_version=&#8221;4.27.5&#8243; _module_preset=&#8221;default&#8221; global_colors_info=&#8221;{}&#8221;]<\/p>\n<p><strong>DEN PATENTEREDE ORIGINALE HAPPYLOUNGE ER VORES OPFINDELSE OG VERDENS F\u00d8RSTE SOFABED I FAHRERHAUSET<\/strong>. <strong><br \/> Den f\u00e5s udelukkende hos os eller vores officielle lokale forhandlere.<\/strong><br \/><img loading=\"lazy\" decoding=\"async\" class=\"size-full wp-image-11574 aligncenter\" src=\"https:\/\/happylounge.camp\/wp-content\/uploads\/2026\/03\/HappyLounge_das_Cockpit_Sofabett_DAS_ORIGINAL_von_den_Erfindern_bewaehrt_seit_2022_compr_.png\" alt=\"HappyLounge_DAS_ORIGINAL_by_the_inventors_kept_since_2022_compr_.\" width=\"277\" height=\"275\" srcset=\"https:\/\/happylounge.camp\/wp-content\/uploads\/2026\/03\/HappyLounge_das_Cockpit_Sofabett_DAS_ORIGINAL_von_den_Erfindern_bewaehrt_seit_2022_compr_.png 277w, https:\/\/happylounge.camp\/wp-content\/uploads\/2026\/03\/HappyLounge_das_Cockpit_Sofabett_DAS_ORIGINAL_von_den_Erfindern_bewaehrt_seit_2022_compr_-150x150.png 150w, https:\/\/happylounge.camp\/wp-content\/uploads\/2026\/03\/HappyLounge_das_Cockpit_Sofabett_DAS_ORIGINAL_von_den_Erfindern_bewaehrt_seit_2022_compr_-100x100.png 100w\" sizes=\"(max-width: 277px) 100vw, 277px\" \/><br \/>Du kan finde en liste over vores forhandlere her p\u00e5 vores hjemmeside.<br \/>Vi <strong>tilbyder<\/strong> bevidst <strong>ikke onlinebestilling<\/strong>, da vi er afh\u00e6ngige af <strong>personlig r\u00e5dgivning <\/strong>, s\u00e5 du kan pr\u00f8ve HappyLounge p\u00e5 stedet og blive imponeret over den.<\/p>\n<p>&nbsp;<\/p>\n<p><strong>Desv\u00e6rre findes der stadig falske onlinebutikker (fakeshops) med vores produkter.<\/strong><br \/>Det patenterede design og varem\u00e6rket for vores opfindelse er blevet kopieret uden tilladelse, og tekster, billeder, produktoplysninger og kontaktoplysningerne for en af vores forhandlere bliver misbrugt. Vi er ikke operat\u00f8rerne af disse falske butikker og har ingen som helst forbindelse med tilbuddene. Vi har derfor allerede indgivet en politianmeldelse.<br \/>Eksempler p\u00e5 falske shops: &#8216;HurtByDreams&#8217; og &#8216;FashionProduct&#8217; etc. \/\/ <strong>Opdatering 1.4.26<\/strong>: &#8216;RosesShop.it&#8217;; &#8216;Ozuozas.it&#8217;; &#8216;Lighthouse-Living.it&#8217;; &#8216;agebob.pmformat.shop&#8217;; &#8216;aarkogranito.com\/products\/5829929\/&#8217;; &#8216;Hello Shop pmtree.okexpand.sbs&#8217; etc.  <\/p>\n<p><strong><\/strong><\/p>\n<p>ANBEFALER VI GENERELT:<br \/>TJEK <strong>ALTID TILBUD P\u00c5 INTERNETTET MEGET KRITISK<\/strong><br \/>Vi p\u00e5tager os intet ansvar for skader for\u00e5rsaget af brug af falske butikker eller tilbud. Du kan finde hj\u00e6lp og information om at genkende falske butikker hos forbrugerr\u00e5det <a href=\"https:\/\/www.verbraucherzentrale.de\/wissen\/digitale-welt\/onlinehandel\/abzocke-online-wie-erkenne-ich-fakeshops-im-internet-13166\" target=\"_blank\" rel=\"noopener\">www.verbraucherzentrale.de<\/a> <\/p>\n<p><strong><\/strong><\/p>\n<p><strong>ST\u00d8T OP OM ACTION AGAINST FAKESHOPS<\/strong><br \/>og anmeld dem direkte til forbrugerr\u00e5det: <a href=\"https:\/\/www.vzhh.de\/fake-shop-melden\" target=\"_blank\" rel=\"noopener\">https:\/\/www.vzhh.de\/fake-shop-melden<\/a><\/p>\n<p>Tak for din hj\u00e6lp og for din tillid til vores originale HappyLounge!<br \/>Din<br \/><em>Andrea R\u00fchle<\/em><\/p>\n<p>[\/et_pb_text][\/et_pb_column][\/et_pb_row][\/et_pb_section]<\/p>\n","protected":false},"excerpt":{"rendered":"<p>Verdens f\u00f8rste sovesofa til f\u00f8rerhuset forvandler fors\u00e6derne til dit yndlingssted p\u00e5 ferien og dinetten\/liftsengen til en XXL-liggeflade. Let, kompakt og nem at gemme v\u00e6k<\/p>\n","protected":false},"author":1,"featured_media":12149,"parent":0,"menu_order":0,"comment_status":"closed","ping_status":"closed","template":"","meta":{"_et_pb_use_builder":"on","_et_pb_old_content":"","_et_gb_content_width":"","footnotes":""},"class_list":["post-12132","page","type-page","status-publish","has-post-thumbnail","hentry"],"yoast_head":"<!-- This site is optimized with the Yoast SEO plugin v27.0 - https:\/\/yoast.com\/product\/yoast-seo-wordpress\/ -->\n<title>Vi advarer mod falske butikker<\/title>\n<meta name=\"description\" content=\"Den patenterede Original HappyLounge er vores opfindelse og verdens f\u00f8rste sovesofa i f\u00f8rerhuset. Den f\u00e5s kun hos vores specialforhandlere og hos os.\" \/>\n<meta name=\"robots\" content=\"index, follow, max-snippet:-1, max-image-preview:large, max-video-preview:-1\" \/>\n<link rel=\"canonical\" href=\"https:\/\/happylounge.camp\/da\/billedgalleri-2\/\" \/>\n<meta property=\"og:locale\" content=\"da_DK\" \/>\n<meta property=\"og:type\" content=\"article\" \/>\n<meta property=\"og:title\" content=\"Vi advarer mod falske butikker\" \/>\n<meta property=\"og:description\" content=\"Den patenterede Original HappyLounge er vores opfindelse og verdens f\u00f8rste sovesofa i f\u00f8rerhuset. Den f\u00e5s kun hos vores specialforhandlere og hos os.\" \/>\n<meta property=\"og:url\" content=\"https:\/\/happylounge.camp\/da\/billedgalleri-2\/\" \/>\n<meta property=\"og:site_name\" content=\"happylounge.camp\" \/>\n<meta property=\"article:modified_time\" content=\"2026-04-01T16:10:50+00:00\" \/>\n<meta property=\"og:image\" content=\"https:\/\/happylounge.camp\/wp-content\/uploads\/2026\/03\/HappyLounge_das_Cockpit_Sofabett_DAS_ORIGINAL_von_den_Erfindern_bewaehrt_seit_2022_compr_.png\" \/>\n\t<meta property=\"og:image:width\" content=\"277\" \/>\n\t<meta property=\"og:image:height\" content=\"275\" \/>\n\t<meta property=\"og:image:type\" content=\"image\/png\" \/>\n<meta name=\"twitter:card\" content=\"summary_large_image\" \/>\n<meta name=\"twitter:label1\" content=\"Estimeret l\u00e6setid\" \/>\n\t<meta name=\"twitter:data1\" content=\"2 minutter\" \/>\n<script type=\"application\/ld+json\" class=\"yoast-schema-graph\">{\"@context\":\"https:\/\/schema.org\",\"@graph\":[{\"@type\":\"WebPage\",\"@id\":\"https:\/\/happylounge.camp\/da\/billedgalleri-2\/\",\"url\":\"https:\/\/happylounge.camp\/da\/billedgalleri-2\/\",\"name\":\"Vi advarer mod falske butikker\",\"isPartOf\":{\"@id\":\"https:\/\/happylounge.camp\/da\/#website\"},\"primaryImageOfPage\":{\"@id\":\"https:\/\/happylounge.camp\/da\/billedgalleri-2\/#primaryimage\"},\"image\":{\"@id\":\"https:\/\/happylounge.camp\/da\/billedgalleri-2\/#primaryimage\"},\"thumbnailUrl\":\"https:\/\/happylounge.camp\/wp-content\/uploads\/2026\/03\/HappyLounge_das_Cockpit_Sofabett_DAS_ORIGINAL_von_den_Erfindern_bewaehrt_seit_2022_compr_.png\",\"datePublished\":\"2026-01-01T09:21:30+00:00\",\"dateModified\":\"2026-04-01T16:10:50+00:00\",\"description\":\"Den patenterede Original HappyLounge er vores opfindelse og verdens f\u00f8rste sovesofa i f\u00f8rerhuset. Den f\u00e5s kun hos vores specialforhandlere og hos os.\",\"breadcrumb\":{\"@id\":\"https:\/\/happylounge.camp\/da\/billedgalleri-2\/#breadcrumb\"},\"inLanguage\":\"da-DK\",\"potentialAction\":[{\"@type\":\"ReadAction\",\"target\":[\"https:\/\/happylounge.camp\/da\/billedgalleri-2\/\"]}]},{\"@type\":\"ImageObject\",\"inLanguage\":\"da-DK\",\"@id\":\"https:\/\/happylounge.camp\/da\/billedgalleri-2\/#primaryimage\",\"url\":\"https:\/\/happylounge.camp\/wp-content\/uploads\/2026\/03\/HappyLounge_das_Cockpit_Sofabett_DAS_ORIGINAL_von_den_Erfindern_bewaehrt_seit_2022_compr_.png\",\"contentUrl\":\"https:\/\/happylounge.camp\/wp-content\/uploads\/2026\/03\/HappyLounge_das_Cockpit_Sofabett_DAS_ORIGINAL_von_den_Erfindern_bewaehrt_seit_2022_compr_.png\",\"width\":277,\"height\":275,\"caption\":\"HappyLounge_DAS_ORIGINAL_by_the_inventors_kept_since_2022_compr_.\"},{\"@type\":\"BreadcrumbList\",\"@id\":\"https:\/\/happylounge.camp\/da\/billedgalleri-2\/#breadcrumb\",\"itemListElement\":[{\"@type\":\"ListItem\",\"position\":1,\"name\":\"Startseite\",\"item\":\"https:\/\/happylounge.camp\/da\/hjem\/\"},{\"@type\":\"ListItem\",\"position\":2,\"name\":\"Advarsel om falske butikker\"}]},{\"@type\":\"WebSite\",\"@id\":\"https:\/\/happylounge.camp\/da\/#website\",\"url\":\"https:\/\/happylounge.camp\/da\/\",\"name\":\"happylounge.camp\",\"description\":\"HappyLounge | Das Cockpit Sofabett - Mehr Komfort und Ambiente im Wohnmobil || Mobil, leicht und kompakt sowie einfach zu verstauen\",\"publisher\":{\"@id\":\"https:\/\/happylounge.camp\/da\/#organization\"},\"potentialAction\":[{\"@type\":\"SearchAction\",\"target\":{\"@type\":\"EntryPoint\",\"urlTemplate\":\"https:\/\/happylounge.camp\/da\/?s={search_term_string}\"},\"query-input\":{\"@type\":\"PropertyValueSpecification\",\"valueRequired\":true,\"valueName\":\"search_term_string\"}}],\"inLanguage\":\"da-DK\"},{\"@type\":\"Organization\",\"@id\":\"https:\/\/happylounge.camp\/da\/#organization\",\"name\":\"HappyLounge Polstermanufaktur R\u00fchle\",\"url\":\"https:\/\/happylounge.camp\/da\/\",\"logo\":{\"@type\":\"ImageObject\",\"inLanguage\":\"da-DK\",\"@id\":\"https:\/\/happylounge.camp\/da\/#\/schema\/logo\/image\/\",\"url\":\"https:\/\/happylounge.camp\/wp-content\/uploads\/2022\/08\/HappyLounge-Logo-transparent_AR.png\",\"contentUrl\":\"https:\/\/happylounge.camp\/wp-content\/uploads\/2022\/08\/HappyLounge-Logo-transparent_AR.png\",\"width\":3188,\"height\":1914,\"caption\":\"HappyLounge Polstermanufaktur R\u00fchle\"},\"image\":{\"@id\":\"https:\/\/happylounge.camp\/da\/#\/schema\/logo\/image\/\"}}]}<\/script>\n<!-- \/ Yoast SEO plugin. -->","yoast_head_json":{"title":"Vi advarer mod falske butikker","description":"Den patenterede Original HappyLounge er vores opfindelse og verdens f\u00f8rste sovesofa i f\u00f8rerhuset. Den f\u00e5s kun hos vores specialforhandlere og hos os.","robots":{"index":"index","follow":"follow","max-snippet":"max-snippet:-1","max-image-preview":"max-image-preview:large","max-video-preview":"max-video-preview:-1"},"canonical":"https:\/\/happylounge.camp\/da\/billedgalleri-2\/","og_locale":"da_DK","og_type":"article","og_title":"Vi advarer mod falske butikker","og_description":"Den patenterede Original HappyLounge er vores opfindelse og verdens f\u00f8rste sovesofa i f\u00f8rerhuset. Den f\u00e5s kun hos vores specialforhandlere og hos os.","og_url":"https:\/\/happylounge.camp\/da\/billedgalleri-2\/","og_site_name":"happylounge.camp","article_modified_time":"2026-04-01T16:10:50+00:00","og_image":[{"width":277,"height":275,"url":"https:\/\/happylounge.camp\/wp-content\/uploads\/2026\/03\/HappyLounge_das_Cockpit_Sofabett_DAS_ORIGINAL_von_den_Erfindern_bewaehrt_seit_2022_compr_.png","type":"image\/png"}],"twitter_card":"summary_large_image","twitter_misc":{"Estimeret l\u00e6setid":"2 minutter"},"schema":{"@context":"https:\/\/schema.org","@graph":[{"@type":"WebPage","@id":"https:\/\/happylounge.camp\/da\/billedgalleri-2\/","url":"https:\/\/happylounge.camp\/da\/billedgalleri-2\/","name":"Vi advarer mod falske butikker","isPartOf":{"@id":"https:\/\/happylounge.camp\/da\/#website"},"primaryImageOfPage":{"@id":"https:\/\/happylounge.camp\/da\/billedgalleri-2\/#primaryimage"},"image":{"@id":"https:\/\/happylounge.camp\/da\/billedgalleri-2\/#primaryimage"},"thumbnailUrl":"https:\/\/happylounge.camp\/wp-content\/uploads\/2026\/03\/HappyLounge_das_Cockpit_Sofabett_DAS_ORIGINAL_von_den_Erfindern_bewaehrt_seit_2022_compr_.png","datePublished":"2026-01-01T09:21:30+00:00","dateModified":"2026-04-01T16:10:50+00:00","description":"Den patenterede Original HappyLounge er vores opfindelse og verdens f\u00f8rste sovesofa i f\u00f8rerhuset. Den f\u00e5s kun hos vores specialforhandlere og hos os.","breadcrumb":{"@id":"https:\/\/happylounge.camp\/da\/billedgalleri-2\/#breadcrumb"},"inLanguage":"da-DK","potentialAction":[{"@type":"ReadAction","target":["https:\/\/happylounge.camp\/da\/billedgalleri-2\/"]}]},{"@type":"ImageObject","inLanguage":"da-DK","@id":"https:\/\/happylounge.camp\/da\/billedgalleri-2\/#primaryimage","url":"https:\/\/happylounge.camp\/wp-content\/uploads\/2026\/03\/HappyLounge_das_Cockpit_Sofabett_DAS_ORIGINAL_von_den_Erfindern_bewaehrt_seit_2022_compr_.png","contentUrl":"https:\/\/happylounge.camp\/wp-content\/uploads\/2026\/03\/HappyLounge_das_Cockpit_Sofabett_DAS_ORIGINAL_von_den_Erfindern_bewaehrt_seit_2022_compr_.png","width":277,"height":275,"caption":"HappyLounge_DAS_ORIGINAL_by_the_inventors_kept_since_2022_compr_."},{"@type":"BreadcrumbList","@id":"https:\/\/happylounge.camp\/da\/billedgalleri-2\/#breadcrumb","itemListElement":[{"@type":"ListItem","position":1,"name":"Startseite","item":"https:\/\/happylounge.camp\/da\/hjem\/"},{"@type":"ListItem","position":2,"name":"Advarsel om falske butikker"}]},{"@type":"WebSite","@id":"https:\/\/happylounge.camp\/da\/#website","url":"https:\/\/happylounge.camp\/da\/","name":"happylounge.camp","description":"HappyLounge | Das Cockpit Sofabett - Mehr Komfort und Ambiente im Wohnmobil || Mobil, leicht und kompakt sowie einfach zu verstauen","publisher":{"@id":"https:\/\/happylounge.camp\/da\/#organization"},"potentialAction":[{"@type":"SearchAction","target":{"@type":"EntryPoint","urlTemplate":"https:\/\/happylounge.camp\/da\/?s={search_term_string}"},"query-input":{"@type":"PropertyValueSpecification","valueRequired":true,"valueName":"search_term_string"}}],"inLanguage":"da-DK"},{"@type":"Organization","@id":"https:\/\/happylounge.camp\/da\/#organization","name":"HappyLounge Polstermanufaktur R\u00fchle","url":"https:\/\/happylounge.camp\/da\/","logo":{"@type":"ImageObject","inLanguage":"da-DK","@id":"https:\/\/happylounge.camp\/da\/#\/schema\/logo\/image\/","url":"https:\/\/happylounge.camp\/wp-content\/uploads\/2022\/08\/HappyLounge-Logo-transparent_AR.png","contentUrl":"https:\/\/happylounge.camp\/wp-content\/uploads\/2022\/08\/HappyLounge-Logo-transparent_AR.png","width":3188,"height":1914,"caption":"HappyLounge Polstermanufaktur R\u00fchle"},"image":{"@id":"https:\/\/happylounge.camp\/da\/#\/schema\/logo\/image\/"}}]}},"_links":{"self":[{"href":"https:\/\/happylounge.camp\/da\/wp-json\/wp\/v2\/pages\/12132","targetHints":{"allow":["GET"]}}],"collection":[{"href":"https:\/\/happylounge.camp\/da\/wp-json\/wp\/v2\/pages"}],"about":[{"href":"https:\/\/happylounge.camp\/da\/wp-json\/wp\/v2\/types\/page"}],"author":[{"embeddable":true,"href":"https:\/\/happylounge.camp\/da\/wp-json\/wp\/v2\/users\/1"}],"replies":[{"embeddable":true,"href":"https:\/\/happylounge.camp\/da\/wp-json\/wp\/v2\/comments?post=12132"}],"version-history":[{"count":10,"href":"https:\/\/happylounge.camp\/da\/wp-json\/wp\/v2\/pages\/12132\/revisions"}],"predecessor-version":[{"id":12343,"href":"https:\/\/happylounge.camp\/da\/wp-json\/wp\/v2\/pages\/12132\/revisions\/12343"}],"wp:featuredmedia":[{"embeddable":true,"href":"https:\/\/happylounge.camp\/da\/wp-json\/wp\/v2\/media\/12149"}],"wp:attachment":[{"href":"https:\/\/happylounge.camp\/da\/wp-json\/wp\/v2\/media?parent=12132"}],"curies":[{"name":"wp","href":"https:\/\/api.w.org\/{rel}","templated":true}]}}